{"id":9992,"date":"2014-12-07T15:05:11","date_gmt":"2014-12-07T15:05:11","guid":{"rendered":"http:\/\/www.aic-iac.org\/?page_id=9992"},"modified":"2024-11-07T15:58:08","modified_gmt":"2024-11-07T15:58:08","slug":"les-commisions-du-conseil","status":"publish","type":"page","link":"https:\/\/dev2024.aic-iac.org\/zh\/a-propos\/les-commisions-du-conseil\/","title":{"rendered":"","raw":""},"content":{"rendered":"","protected":false,"raw":""},"excerpt":{"rendered":"","protected":false,"raw":""},"author":4,"featured_media":17264,"parent":17368,"menu_order":0,"comment_status":"closed","ping_status":"closed","template":"","meta":{"_fr_post_content":"<table style=\"width: 100%;\">\r\n<tbody>\r\n<tr>\r\n<td style=\"width: 49.3548%;\">\r\n<p>Afin de d\u00e9velopper son programme, l\u2019AIC peut<br \/>cr\u00e9er des Commissions charg\u00e9es d\u2019\u00e9tudier des aspects sp\u00e9cifiques li\u00e9s aux activit\u00e9s de l'Acad\u00e9mie qui n\u00e9cessitent des recommandations ou des propositions (voir Article 11).<\/p>\r\n<p>Les membres de l'AIC qui sont int\u00e9ress\u00e9s et qui pensent apporter par leur expertise des solutions pertinentes aux questions soulev\u00e9es sont invit\u00e9s \u00e0 prendre contact directement avec le conseiller qui pr\u00e9side la commission.<\/p>\r\n<p>&nbsp;<\/p>\r\n<\/td>\r\n<td style=\"width: 49.3548%;\">\r\n[caption id=\"attachment_17264\" align=\"alignnone\" width=\"640\"]<img class=\"wp-image-17264 size-full\" src=\"https:\/\/www.aic-iac.org\/wp-content\/uploads\/AAIC-9.2012-smalll-jpegs-Jp1250.jpg\" alt=\"AAIC 9.2012 smalll jpegs Jp1250\" width=\"640\" height=\"427\" \/> AG Santa Fe 2012[\/caption]\r\n<p>&nbsp;<\/p>\r\n<\/td>\r\n<\/tr>\r\n<tr>\r\n<td style=\"width: 49.3548%;\">\r\n<h3>Commissions actuelles<\/h3>\r\n<p>Le Conseil compte actuellement six commissions<\/p>\r\n<\/td>\r\n<td style=\"width: 49.3548%;\">\u00a0<\/td>\r\n<\/tr>\r\n<tr>\r\n<td style=\"width: 49.3548%;\">\r\n<p>ARTICLES ET R\u00c8GLES<span style=\"text-decoration: underline;\"><br \/><\/span>Mandat : Examiner et proposer des modifications aux statuts et au r\u00e8glement int\u00e9rieur de la AIC.<\/p>\r\n<p><span style=\"text-decoration: underline;\">Groupe :<\/span> <br \/>Anna Calluori Holcombe (Chair)<br \/>Elaine Henry (co-chair)<br \/>Peter Beard<br \/>Janet DeBoos<br \/>Monika Gass<br \/>Elaine Henry<br \/>Anna Calluori Holcombe<br \/>David Jones<br \/>Lynn Frydman Kuhn<br \/>Lee Middleman<br \/>Nikolaus Steindlm\u00fcller<br \/><br \/><\/p>\r\n<p>STRUCTURE DU CONSEIL<span style=\"text-decoration: underline;\"><br \/><\/span>Mandat : revoir la structure du conseil actuel et proposer des structures alternatives pour ratification par l'assembl\u00e9e g\u00e9n\u00e9rale.<\/p>\r\n<p><span style=\"text-decoration: underline;\">Groupe :<\/span><br \/>St\u00e9phanie Le Follic-Hadida (Chair)<br \/><br \/><\/p>\r\n<p>FINANCES<span style=\"text-decoration: underline;\"><br \/><\/span>Mandat: Examiner et \u00e9valuer la situation financi\u00e8re actuelle de l'IAC et proposer de nouvelles strat\u00e9gies fiscales.<\/p>\r\n<p><span style=\"text-decoration: underline;\">Groupe :<\/span><br \/>Oriol Calvo-Verg\u00e9s (Chair)<br \/>Aileen Casta\u00f1eda <br \/>Alejandrina Cappadoro <br \/>Avi Amesbury <br \/>Catalina Vial <br \/>Judit Varga <br \/>Mariel Tarela <br \/>Monika Gass<br \/>Patricia Glave <br \/>Rick Rogers <br \/>Shamai Gibsh <br \/>Vilma Villaverde<\/p>\r\n<\/td>\r\n<td style=\"width: 49.3548%;\">\r\n<p>FUTURE FORMATS DE L'ASSEMBL\u00c9E G\u00c9N\u00c9RALE ET DU CONGR\u00c8S<span style=\"text-decoration: underline;\"><br \/><\/span>Mandat : envisager des formes alternatives plus durables pour l'organisation des futurs congr\u00e8s et assembl\u00e9es g\u00e9n\u00e9rales.<\/p>\r\n<p><span style=\"text-decoration: underline;\">Groupe :<\/span><br \/>Anja Seiler (Chair)<br \/>Micheal Strand<br \/>Joelle Swanet<br \/>Ray Chen<br \/><br \/><\/p>\r\n<p>COMMUNICATION<span style=\"text-decoration: underline;\"><br \/><\/span>Mandat : Mettre \u00e0 jour les canaux de communication de l'AIC : Site web, m\u00e9dias sociaux, lettres d'information et bulletin d'information.<\/p>\r\n<p><span style=\"text-decoration: underline;\">Groupe :<\/span><br \/>Pim Sudhikam (Chair)<br \/>Hitomi Shibata<br \/>Julia Feld<br \/>Monika Gass<br \/>Daria Krotova-Schlosser<br \/>Guangzhen Zhou<br \/>Hana Novotna<br \/>Yoshinori Akazawa<br \/><br \/><\/p>\r\n<p>EXPOSITIONS<span style=\"text-decoration: underline;\"><br \/><\/span>Mandat : d\u00e9finir des protocoles pour les expositions des membres de l'AIC et explorer de nouvelles possibilit\u00e9s d'exposition.<\/p>\r\n<p><span style=\"text-decoration: underline;\">Groupe :<\/span><br \/>Ray Chen (Chair)<br \/>Adil Writer<br \/>Cesar Forero<br \/>Phyllis Kudder Sullivan<br \/>Hana Novotna<br \/>Patty Wouters<br \/><br \/><br \/><\/p>\r\n<\/td>\r\n<\/tr>\r\n<\/tbody>\r\n<\/table>\r\n<p>&nbsp;<\/p>\r\n<p>&nbsp;<\/p>\r\n<p>&nbsp;<\/p>\r\n<p>&nbsp;<\/p>\r\n<p>&nbsp;<\/p>\r\n<p>&nbsp;<\/p>","_fr_post_name":"les-commisions-du-conseil","_fr_post_excerpt":"Une institution comme l'AIC soul\u00e8ve d'int\u00e9ressantes questions, afin d'y r\u00e9pondre efficacement le Conseil a cr\u00e9\u00e9 plusieurs commissions. ","_fr_post_title":"Les commissions du Conseil","_en_post_content":"<table style=\"width: 100.161%; height: 1173px;\">\r\n<tbody>\r\n<tr>\r\n<td>\r\n<p>To carry out its programme, the IAC may create Commissions or working groups to study particular aspects of the Academy's activities and make recommendations or proposals (see Article 11).<\/p>\r\n<p class=\"p1\">IAC members who are interested and would like to offer their expertise and reflections on the issues raised below are invited to make direct contact with the\u00a0 chair of the committee.<\/p>\r\n<\/td>\r\n<td>\r\n[caption id=\"attachment_17264\" align=\"alignnone\" width=\"640\"]<img class=\"wp-image-17264 size-full\" src=\"https:\/\/www.aic-iac.org\/wp-content\/uploads\/AAIC-9.2012-smalll-jpegs-Jp1250.jpg\" alt=\"AAIC 9.2012 smalll jpegs Jp1250\" width=\"640\" height=\"427\" \/> GA Santa Fe 2012[\/caption]\r\n<\/td>\r\n<\/tr>\r\n<tr>\r\n<td>\r\n<h3>Current Commissions<\/h3>\r\n<p>The Council currently has six commissions.<\/p>\r\n<\/td>\r\n<td>\u00a0<\/td>\r\n<\/tr>\r\n<tr>\r\n<td>\r\n<p>ARTICLES AND INTERNAL RULES<span style=\"text-decoration: underline;\"><br \/><\/span>Mandate: To review and suggest modifications to the IAC Articles and Internal Rules.<\/p>\r\n<p><span style=\"text-decoration: underline;\">Members:<\/span> <br \/>Anna Calluori Holcombe (Chair)<br \/>Elaine Henry (co-chair)<br \/>Peter Beard<br \/>Janet DeBoos<br \/>Monika Gass<br \/>Elaine Henry<br \/>Anna Calluori Holcombe<br \/>David Jones<br \/>Lynn Frydman Kuhn<br \/>Lee Middleman<br \/>Nikolaus Steindlm\u00fcller<\/p>\r\n<p>COUNCIL STRUCTURE<span style=\"text-decoration: underline;\"><br \/><\/span>Mandate: To review the current council structure and propose alternatives to be ratified at the general assembly<\/p>\r\n<p><span style=\"text-decoration: underline;\">Members:<\/span><br \/>St\u00e9phanie Le Follic-Hadida (Chair)<\/p>\r\n<p>FINANCE<span style=\"text-decoration: underline;\"><br \/><\/span>Mandate: To examine and evaluate the IAC financial situation and propose new fiscal strategies<span style=\"text-decoration: underline;\">.<br \/><\/span><\/p>\r\n<p><span style=\"text-decoration: underline;\">Members:<\/span><br \/>Oriol Calvo-Verg\u00e9s (Chair)<br \/>Aileen Casta\u00f1eda <br \/>Alejandrina Cappadoro <br \/>Avi Amesbury <br \/>Catalina Vial <br \/>Judit Varga <br \/>Mariel Tarela <br \/>Monika Gass<br \/>Patricia Glave <br \/>Rick Rogers <br \/>Shamai Gibsh <br \/>Vilma Villaverde<\/p>\r\n<\/td>\r\n<td>\r\n<p>FUTURE FORMATS OF GENERAL ASSEMBLY AND CONGRESS<span style=\"text-decoration: underline;\"><br \/><\/span>Mandate: To imagine new more sustainable forms of organizing future congresses and general assemblies.<\/p>\r\n<p><span style=\"text-decoration: underline;\">Members:<\/span><br \/>Anja Seiler (Chair)<br \/>Micheal Strand<br \/>Joelle Swanet<br \/>Ray Chen<\/p>\r\n<p>COMMUNICATION<span style=\"text-decoration: underline;\"><br \/><\/span>Mandate: To update IAC communication channels, from the website to social media, newsletters and bulletins<\/p>\r\n<p><span style=\"text-decoration: underline;\">Members:<\/span><br \/>Pim Sudhikam (Chair)<br \/>Hitomi Shibata<br \/>Julia Feld<br \/>Monika Gass<br \/>Daria Krotova-Schlosse<br \/>Guangzhen Zhou<br \/>Hana Novotna<br \/>Yoshinori Akazawa<\/p>\r\n<p>EXHIBITIONS<span style=\"text-decoration: underline;\"><br \/><\/span>Mandate: Define protocols for future IAC member exhibitions and develop new exhibition opportunities.<\/p>\r\n<p><span style=\"text-decoration: underline;\">Members:<\/span>\u00a0<br \/>Ray Chen (Chair)<br \/>Adil Writer<br \/>Cesar Forero<br \/>Phyllis Kudder Sullivan<br \/>Hana Novotna<br \/>Patty Wouters<br \/><br \/><\/p>\r\n<\/td>\r\n<\/tr>\r\n<\/tbody>\r\n<\/table>\r\n<p>&nbsp;<\/p>\r\n<p>&nbsp;<\/p>\r\n<p>&nbsp;<\/p>\r\n<p>&nbsp;<\/p>\r\n<p>&nbsp;<\/p>\r\n<p>&nbsp;<\/p>","_en_post_name":"les-commisions-du-conseil","_en_post_excerpt":"An institution like the IAC raises interesting issues. In order to respond effectively to these questions the Council has established various committees.","_en_post_title":"Presentation of IAC commissions\u2028\u2028","_ja_post_content":"","_ja_post_name":"","_ja_post_excerpt":"","_ja_post_title":"","_zh_post_content":"","_zh_post_name":"les-commisions-du-conseil","_zh_post_excerpt":"","_zh_post_title":"","_es_post_content":"","_es_post_name":"les-commisions-du-conseil","_es_post_excerpt":"","_es_post_title":"","edit_language":"zh"},"class_list":["post-9992","page","type-page","status-publish","has-post-thumbnail","hentry"],"_links":{"self":[{"href":"https:\/\/dev2024.aic-iac.org\/zh\/wp-json\/wp\/v2\/pages\/9992"}],"collection":[{"href":"https:\/\/dev2024.aic-iac.org\/zh\/wp-json\/wp\/v2\/pages"}],"about":[{"href":"https:\/\/dev2024.aic-iac.org\/zh\/wp-json\/wp\/v2\/types\/page"}],"author":[{"embeddable":true,"href":"https:\/\/dev2024.aic-iac.org\/zh\/wp-json\/wp\/v2\/users\/4"}],"replies":[{"embeddable":true,"href":"https:\/\/dev2024.aic-iac.org\/zh\/wp-json\/wp\/v2\/comments?post=9992"}],"version-history":[{"count":144,"href":"https:\/\/dev2024.aic-iac.org\/zh\/wp-json\/wp\/v2\/pages\/9992\/revisions"}],"predecessor-version":[{"id":75394,"href":"https:\/\/dev2024.aic-iac.org\/zh\/wp-json\/wp\/v2\/pages\/9992\/revisions\/75394"}],"up":[{"embeddable":true,"href":"https:\/\/dev2024.aic-iac.org\/zh\/wp-json\/wp\/v2\/pages\/17368"}],"wp:featuredmedia":[{"embeddable":true,"href":"https:\/\/dev2024.aic-iac.org\/zh\/wp-json\/wp\/v2\/media\/17264"}],"wp:attachment":[{"href":"https:\/\/dev2024.aic-iac.org\/zh\/wp-json\/wp\/v2\/media?parent=9992"}],"curies":[{"name":"wp","href":"https:\/\/api.w.org\/{rel}","templated":true}]}}