{"id":48849,"date":"2021-01-22T09:19:48","date_gmt":"2021-01-22T09:19:48","guid":{"rendered":"https:\/\/www.aic-iac.org\/?page_id=48849"},"modified":"2024-08-19T13:17:55","modified_gmt":"2024-08-19T13:17:55","slug":"information-pratique","status":"publish","type":"page","link":"https:\/\/dev2024.aic-iac.org\/zh\/information-pratique\/","title":{"rendered":"\u8054\u7cfb\u6211\u4eec","raw":"\u8054\u7cfb\u6211\u4eec"},"content":{"rendered":"<table style=\"height: 737px; width: 100%;\">\n<tbody>\n<tr style=\"height: 407px;\">\n<td style=\"width: 98.7097%; height: 407px;\" colspan=\"2\"><img loading=\"lazy\" decoding=\"async\" class=\"alignnone size-full wp-image-18133\" src=\"https:\/\/www.aic-iac.org\/wp-content\/uploads\/contatcs-NB-940x626-2.jpg\" alt=\"contatcs-NB-940x626-2\" width=\"940\" height=\"626\" srcset=\"https:\/\/dev2024.aic-iac.org\/wp-content\/uploads\/contatcs-NB-940x626-2.jpg 940w, https:\/\/dev2024.aic-iac.org\/wp-content\/uploads\/contatcs-NB-940x626-2-300x199.jpg 300w\" sizes=\"(max-width: 940px) 100vw, 940px\" \/><\/td>\n<\/tr>\n<tr style=\"height: 168px;\">\n<td style=\"width: 98.7097%; height: 168px;\" colspan=\"2\">\n<p>IAC\u79d8\u4e66\u5904\u8bbe\u5728\u65e5\u5185\u74e6\u963f\u4e3d\u4e9a\u5a1c\u535a\u7269\u9986\u3002\u6b22\u8fce\u5728\u529e\u516c\u65f6\u95f4\u5185\u968f\u65f6\u901a\u8fc7\u7535\u5b50\u90ae\u4ef6\u6216\u7535\u8bdd\u8054\u7cfb\u6211\u4eec\u3002<\/p>\n<p><span style=\"text-decoration: underline;\">\u529e\u516c\u65f6\u95f4:<\/p>\n<p><\/span><span style=\"font-family: inherit;\">\u661f\u671f\u4e09\u4e0a\u53481\u70b9\u81f3\u4e0b\u53485\u70b9\uff08\u6b27\u6d32\u4e2d\u90e8\u65f6\u95f4\uff09\uff0c\u661f\u671f\u56db\u4e0a\u534810\u70b9\u81f3\u4e0b\u53485\u70b9\uff08\u6b27\u6d32\u4e2d\u90e8\u65f6\u95f4\uff09\u3002\u00a0<\/span><\/p>\n<\/td>\n<\/tr>\n<tr style=\"height: 10px;\">\n<td style=\"width: 49.3548%; height: 10px;\">\u00a0<\/td>\n<td style=\"width: 49.3548%; height: 10px;\">\u00a0<\/td>\n<\/tr>\n<tr style=\"height: 133px;\">\n<td style=\"width: 49.3548%; height: 133px;\">\n<p><span style=\"text-decoration: underline;\">Karolina Johansson \u5361\u7f57\u5229\u5a1c-\u7ea6\u7ff0\u68ee<\/span><br \/>\u4e3b\u4efb\u00a0 &#8211; \u529e\u516c\u5ba4\u3001\u4f1a\u8bae\u3001\u9879\u76ee\u3001\u901a\u8baf\u548c\u8d22\u52a1\u7684\u7ba1\u7406\u3002\u8463\u4e8b\u4f1a\u901a\u8baf\u3002<br \/><a href=\"mailto:info@aic-iac.org\">info@aic-iac.org<\/a><\/p>\n<p><span style=\"text-decoration: underline;\">Sophie Voirol \u7d22\u83f2-\u6c83\u4f0a\u7f57\u5c14<\/span><br \/>\u884c\u653f\u4e8b\u52a1\u52a9\u7406 &#8211; \u4f1a\u5458\u8d39\u548c\u4f1a\u5458\u901a\u4fe1\u3002<br \/><a href=\"mailto:office@aic-iac.org\">office@aic-iac.org<\/a><br \/>+41 22 575 48 42<\/p>\n<\/td>\n<td style=\"width: 49.3548%; height: 133px;\">\n<p><span style=\"text-decoration: underline;\">\u529e\u516c\u5ba4<\/span><br \/>Mus\u00e9e Ariana\u00a0\u963f\u4e3d\u4e9a\u5a1c\u535a\u7269\u9986<br \/>10 avenue de la Paix<br \/>CH\u20131202\u00a0Geneva\u00a0\u65e5\u5185\u74e6<br \/>Switzerland\u00a0\u745e\u58eb<br \/>\u7535\u8bdd\u00a0+41 22 418 54 76<\/p>\n<p><strong>\u8bf7\u8054\u7cfbSophie Voirol\uff0c\u4e86\u89e3\u6240\u6709\u4e0e\u4f1a\u5458\u8d39\u6709\u5173\u7684\u4e8b\u5b9c\u3002<\/strong><\/p>\n<\/td>\n<\/tr>\n<tr style=\"height: 19px;\">\n<td style=\"width: 49.3548%; height: 19px;\">\u00a0<\/td>\n<td style=\"width: 49.3548%; height: 19px;\">\u00a0<\/td>\n<\/tr>\n<\/tbody>\n<\/table>\n<p><a href=\"mailto:info@aic-iac.org\">\u00a0<\/a><\/p>\n<p>&nbsp;<\/p>\n","protected":false,"raw":"<table style=\"height: 737px; width: 100%;\">\r\n<tbody>\r\n<tr style=\"height: 407px;\">\r\n<td style=\"width: 98.7097%; height: 407px;\" colspan=\"2\"><img class=\"alignnone size-full wp-image-18133\" src=\"https:\/\/www.aic-iac.org\/wp-content\/uploads\/contatcs-NB-940x626-2.jpg\" alt=\"contatcs-NB-940x626-2\" width=\"940\" height=\"626\" \/><\/td>\r\n<\/tr>\r\n<tr style=\"height: 168px;\">\r\n<td style=\"width: 98.7097%; height: 168px;\" colspan=\"2\">\r\n<p>IAC\u79d8\u4e66\u5904\u8bbe\u5728\u65e5\u5185\u74e6\u963f\u4e3d\u4e9a\u5a1c\u535a\u7269\u9986\u3002\u6b22\u8fce\u5728\u529e\u516c\u65f6\u95f4\u5185\u968f\u65f6\u901a\u8fc7\u7535\u5b50\u90ae\u4ef6\u6216\u7535\u8bdd\u8054\u7cfb\u6211\u4eec\u3002<\/p>\r\n<p><span style=\"text-decoration: underline;\">\u529e\u516c\u65f6\u95f4:<br \/><br \/><\/span><span style=\"font-family: inherit;\">\u661f\u671f\u4e09\u4e0a\u53481\u70b9\u81f3\u4e0b\u53485\u70b9\uff08\u6b27\u6d32\u4e2d\u90e8\u65f6\u95f4\uff09\uff0c\u661f\u671f\u56db\u4e0a\u534810\u70b9\u81f3\u4e0b\u53485\u70b9\uff08\u6b27\u6d32\u4e2d\u90e8\u65f6\u95f4\uff09\u3002\u00a0<\/span><\/p>\r\n<\/td>\r\n<\/tr>\r\n<tr style=\"height: 10px;\">\r\n<td style=\"width: 49.3548%; height: 10px;\">\u00a0<\/td>\r\n<td style=\"width: 49.3548%; height: 10px;\">\u00a0<\/td>\r\n<\/tr>\r\n<tr style=\"height: 133px;\">\r\n<td style=\"width: 49.3548%; height: 133px;\">\r\n<p><span style=\"text-decoration: underline;\">Karolina Johansson \u5361\u7f57\u5229\u5a1c-\u7ea6\u7ff0\u68ee<\/span><br \/>\u4e3b\u4efb\u00a0 - \u529e\u516c\u5ba4\u3001\u4f1a\u8bae\u3001\u9879\u76ee\u3001\u901a\u8baf\u548c\u8d22\u52a1\u7684\u7ba1\u7406\u3002\u8463\u4e8b\u4f1a\u901a\u8baf\u3002<br \/><a href=\"mailto:info@aic-iac.org\">info@aic-iac.org<\/a><\/p>\r\n<p><span style=\"text-decoration: underline;\">Sophie Voirol \u7d22\u83f2-\u6c83\u4f0a\u7f57\u5c14<\/span><br \/>\u884c\u653f\u4e8b\u52a1\u52a9\u7406 - \u4f1a\u5458\u8d39\u548c\u4f1a\u5458\u901a\u4fe1\u3002<br \/><a href=\"mailto:office@aic-iac.org\">office@aic-iac.org<\/a><br \/>+41 22 575 48 42<\/p>\r\n<\/td>\r\n<td style=\"width: 49.3548%; height: 133px;\">\r\n<p><span style=\"text-decoration: underline;\">\u529e\u516c\u5ba4<\/span><br \/>Mus\u00e9e Ariana\u00a0\u963f\u4e3d\u4e9a\u5a1c\u535a\u7269\u9986<br \/>10 avenue de la Paix<br \/>CH\u20131202\u00a0Geneva\u00a0\u65e5\u5185\u74e6<br \/>Switzerland\u00a0\u745e\u58eb<br \/>\u7535\u8bdd\u00a0+41 22 418 54 76<\/p>\r\n<p><strong>\u8bf7\u8054\u7cfbSophie Voirol\uff0c\u4e86\u89e3\u6240\u6709\u4e0e\u4f1a\u5458\u8d39\u6709\u5173\u7684\u4e8b\u5b9c\u3002<\/strong><\/p>\r\n<\/td>\r\n<\/tr>\r\n<tr style=\"height: 19px;\">\r\n<td style=\"width: 49.3548%; height: 19px;\">\u00a0<\/td>\r\n<td style=\"width: 49.3548%; height: 19px;\">\u00a0<\/td>\r\n<\/tr>\r\n<\/tbody>\r\n<\/table>\r\n<p><a href=\"mailto:info@aic-iac.org\">\u00a0<\/a><\/p>\r\n<p>&nbsp;<\/p>"},"excerpt":{"rendered":"<p>\u8054\u7cfbIAC\u529e\u516c\u5ba4<\/p>\n","protected":false,"raw":"\u8054\u7cfbIAC\u529e\u516c\u5ba4"},"author":379,"featured_media":18133,"parent":0,"menu_order":0,"comment_status":"closed","ping_status":"closed","template":"","meta":{"_fr_post_content":"<table style=\"height: 737px; width: 100%;\">\r\n<tbody>\r\n<tr style=\"height: 407px;\">\r\n<td style=\"width: 98.7097%; height: 407px;\" colspan=\"2\"><img class=\"alignnone size-full wp-image-18133\" src=\"https:\/\/www.aic-iac.org\/wp-content\/uploads\/contatcs-NB-940x626-2.jpg\" alt=\"contatcs-NB-940x626-2\" width=\"940\" height=\"626\" \/><\/td>\r\n<\/tr>\r\n<tr style=\"height: 168px;\">\r\n<td style=\"width: 49.3548%; height: 168px;\" colspan=\"2\">\r\n<p>Le secr\u00e9tariat de l'AIC si\u00e8ge au mus\u00e9e Ariana \u00e0 Gen\u00e8ve. Vous pouvez nous contacter en tout temps par email ou par t\u00e9l\u00e9phone durant les heures de bureau.<\/p>\r\n<p><span style=\"font-family: inherit;\">Le bureau r\u00e9pond \u00e0 vos appels les :<br \/>Mercredis de 13h \u00e0 17h<br \/>Jeudis de 10h \u00e0 17h<br \/><\/span><span style=\"font-family: inherit;\"><span style=\"font-family: inherit;\">(heure d'Europe centrale). <br \/><\/span><\/span><\/p>\r\n<\/td>\r\n<\/tr>\r\n<tr style=\"height: 10px;\">\r\n<td style=\"width: 49.3548%; height: 10px;\">\u00a0<\/td>\r\n<td style=\"width: 49.3548%; height: 10px;\">\u00a0<\/td>\r\n<\/tr>\r\n<tr style=\"height: 133px;\">\r\n<td style=\"width: 49.3548%; height: 133px;\">\r\n<p><span style=\"text-decoration: underline;\">Karolina Johansson<\/span><br \/>Directrice -\u00a0 Gestion du bureau, du Congr\u00e8s, des Projets, de la Communication &amp; des Finances, Correspondance du Conseil<br \/><a href=\"mailto:info@aic-iac.org\">info@aic-iac.org<\/a><\/p>\r\n<p><span style=\"text-decoration: underline;\">Sophie Voirol<\/span><br \/>Assistante administrative - Cotisations des membres et Correspondance des membres<br \/><a href=\"mailto:office@aic-iac.org\">office@aic-iac.org<\/a><br \/>+41 22 575 48 42<\/p>\r\n<p>&nbsp;<\/p>\r\n<\/td>\r\n<td style=\"width: 49.3548%; height: 133px;\">\r\n<p><span style=\"text-decoration: underline;\">Secr\u00e9tariat<\/span><br \/>Mus\u00e9e Ariana<br \/>10 avenue de la Paix<br \/>CH\u20131202\u00a0Gen\u00e8ve<br \/>Suisse<br \/>T +41 22 418 54 76<\/p>\r\n<p><strong>Veuillez contacter Sophie Voirol pour toutes questions relatives aux cotisations des membres<\/strong>.<\/p>\r\n<\/td>\r\n<\/tr>\r\n<tr style=\"height: 19px;\">\r\n<td style=\"width: 49.3548%; height: 19px;\">\u00a0<\/td>\r\n<td style=\"width: 49.3548%; height: 19px;\">\u00a0<\/td>\r\n<\/tr>\r\n<\/tbody>\r\n<\/table>\r\n<p><a href=\"mailto:info@aic-iac.org\">\u00a0<\/a><\/p>\r\n<p>&nbsp;<\/p>","_fr_post_name":"contact","_fr_post_excerpt":"Pour contacter le bureau.","_fr_post_title":"Contact","_en_post_content":"<table style=\"height: 749px; width: 100%;\">\r\n<tbody>\r\n<tr style=\"height: 402px;\">\r\n<td style=\"height: 402px; width: 98.7096%;\" colspan=\"2\"><img class=\"alignnone size-full wp-image-18133\" src=\"https:\/\/www.aic-iac.org\/wp-content\/uploads\/contatcs-NB-940x626-2.jpg\" alt=\"contatcs-NB-940x626-2\" width=\"940\" height=\"626\" \/><\/td>\r\n<\/tr>\r\n<tr style=\"height: 190px;\">\r\n<td style=\"height: 190px; width: 98.7096%;\" colspan=\"2\">\r\n<p>The Secretariat is housed in the Ariana Museum in Geneva. Please do not hesitate to contact us by email any time or by phone during our office hours.\u00a0<\/p>\r\n<p>The office answers your calls on:<br \/>Wednesdays from 1pm to 5pm <br \/>Thursdays from 10am to 5pm<br \/>(Central European time).<\/p>\r\n<\/td>\r\n<\/tr>\r\n<tr style=\"height: 157px;\">\r\n<td style=\"height: 157px; width: 49.3548%;\">\r\n<p><span style=\"text-decoration: underline;\">Karolina Johansson<\/span><br \/>Director - Office, Congress, Projects, Communications &amp; Finances management, Council correspondence<br \/><a href=\"mailto:info@aic-iac.org\">info@aic-iac.org<\/a><\/p>\r\n<p><span style=\"text-decoration: underline;\">Sophie Voirol<\/span><br \/>Administrative Assistant - Membership fees and Members correspondence<br \/><a href=\"mailto:office@aic-iac.org\">office@aic-iac.org<\/a><br \/>+41 22 575 48 42<\/p>\r\n<\/td>\r\n<td style=\"height: 157px; width: 49.3548%;\">\r\n<p><span style=\"text-decoration: underline;\">IAC Office<\/span><br \/>Mus\u00e9e Ariana<br \/>10 avenue de la Paix<br \/>CH-1202 Geneva<br \/>Switzerland<br \/>Tel +41 22 418 54 76<\/p>\r\n<p><strong>Please contact Sophie Voirol for all matters related to membership fees.<\/strong><\/p>\r\n<\/td>\r\n<\/tr>\r\n<\/tbody>\r\n<\/table>\r\n<p>&nbsp;<\/p>","_en_post_name":"contact","_en_post_excerpt":"To contact the IAC Office","_en_post_title":"Contact","_ja_post_content":"","_ja_post_name":"contact","_ja_post_excerpt":"","_ja_post_title":"","_zh_post_content":"<table style=\"height: 737px; width: 100%;\">\r\n<tbody>\r\n<tr style=\"height: 407px;\">\r\n<td style=\"width: 98.7097%; height: 407px;\" colspan=\"2\"><img class=\"alignnone size-full wp-image-18133\" src=\"https:\/\/www.aic-iac.org\/wp-content\/uploads\/contatcs-NB-940x626-2.jpg\" alt=\"contatcs-NB-940x626-2\" width=\"940\" height=\"626\" \/><\/td>\r\n<\/tr>\r\n<tr style=\"height: 168px;\">\r\n<td style=\"width: 98.7097%; height: 168px;\" colspan=\"2\">\r\n<p>IAC\u79d8\u4e66\u5904\u8bbe\u5728\u65e5\u5185\u74e6\u963f\u4e3d\u4e9a\u5a1c\u535a\u7269\u9986\u3002\u6b22\u8fce\u5728\u529e\u516c\u65f6\u95f4\u5185\u968f\u65f6\u901a\u8fc7\u7535\u5b50\u90ae\u4ef6\u6216\u7535\u8bdd\u8054\u7cfb\u6211\u4eec\u3002<\/p>\r\n<p><span style=\"text-decoration: underline;\">\u529e\u516c\u65f6\u95f4:<br \/><br \/><\/span><span style=\"font-family: inherit;\">\u661f\u671f\u4e09\u4e0a\u53481\u70b9\u81f3\u4e0b\u53485\u70b9\uff08\u6b27\u6d32\u4e2d\u90e8\u65f6\u95f4\uff09\uff0c\u661f\u671f\u56db\u4e0a\u534810\u70b9\u81f3\u4e0b\u53485\u70b9\uff08\u6b27\u6d32\u4e2d\u90e8\u65f6\u95f4\uff09\u3002\u00a0<\/span><\/p>\r\n<\/td>\r\n<\/tr>\r\n<tr style=\"height: 10px;\">\r\n<td style=\"width: 49.3548%; height: 10px;\">\u00a0<\/td>\r\n<td style=\"width: 49.3548%; height: 10px;\">\u00a0<\/td>\r\n<\/tr>\r\n<tr style=\"height: 133px;\">\r\n<td style=\"width: 49.3548%; height: 133px;\">\r\n<p><span style=\"text-decoration: underline;\">Karolina Johansson \u5361\u7f57\u5229\u5a1c-\u7ea6\u7ff0\u68ee<\/span><br \/>\u4e3b\u4efb\u00a0 - \u529e\u516c\u5ba4\u3001\u4f1a\u8bae\u3001\u9879\u76ee\u3001\u901a\u8baf\u548c\u8d22\u52a1\u7684\u7ba1\u7406\u3002\u8463\u4e8b\u4f1a\u901a\u8baf\u3002<br \/><a href=\"mailto:info@aic-iac.org\">info@aic-iac.org<\/a><\/p>\r\n<p><span style=\"text-decoration: underline;\">Sophie Voirol \u7d22\u83f2-\u6c83\u4f0a\u7f57\u5c14<\/span><br \/>\u884c\u653f\u4e8b\u52a1\u52a9\u7406 - \u4f1a\u5458\u8d39\u548c\u4f1a\u5458\u901a\u4fe1\u3002<br \/><a href=\"mailto:office@aic-iac.org\">office@aic-iac.org<\/a><br \/>+41 22 575 48 42<\/p>\r\n<\/td>\r\n<td style=\"width: 49.3548%; height: 133px;\">\r\n<p><span style=\"text-decoration: underline;\">\u529e\u516c\u5ba4<\/span><br \/>Mus\u00e9e Ariana\u00a0\u963f\u4e3d\u4e9a\u5a1c\u535a\u7269\u9986<br \/>10 avenue de la Paix<br \/>CH\u20131202\u00a0Geneva\u00a0\u65e5\u5185\u74e6<br \/>Switzerland\u00a0\u745e\u58eb<br \/>\u7535\u8bdd\u00a0+41 22 418 54 76<\/p>\r\n<p><strong>\u8bf7\u8054\u7cfbSophie Voirol\uff0c\u4e86\u89e3\u6240\u6709\u4e0e\u4f1a\u5458\u8d39\u6709\u5173\u7684\u4e8b\u5b9c\u3002<\/strong><\/p>\r\n<\/td>\r\n<\/tr>\r\n<tr style=\"height: 19px;\">\r\n<td style=\"width: 49.3548%; height: 19px;\">\u00a0<\/td>\r\n<td style=\"width: 49.3548%; height: 19px;\">\u00a0<\/td>\r\n<\/tr>\r\n<\/tbody>\r\n<\/table>\r\n<p><a href=\"mailto:info@aic-iac.org\">\u00a0<\/a><\/p>\r\n<p>&nbsp;<\/p>","_zh_post_name":"information-pratique","_zh_post_excerpt":"\u8054\u7cfbIAC\u529e\u516c\u5ba4","_zh_post_title":"\u8054\u7cfb\u6211\u4eec","_es_post_content":"<table style=\"width: 100%;\">\r\n<tbody>\r\n<tr>\r\n<td style=\"width: 98.7097%;\" colspan=\"2\"><img class=\"alignnone size-full wp-image-18133\" src=\"https:\/\/www.aic-iac.org\/wp-content\/uploads\/contatcs-NB-940x626-2.jpg\" alt=\"contatcs-NB-940x626-2\" width=\"940\" height=\"626\" \/><\/td>\r\n<\/tr>\r\n<tr>\r\n<td style=\"width: 98.7097%;\" colspan=\"2\">\r\n<p>La Secretar\u00eda se encuentra en el Museo Ariana de Ginebra. No dude en contactarnos por correo electr\u00f3nico en cualquier momento o por tel\u00e9fono durante el horario de oficina.<\/p>\r\n<p><span style=\"text-decoration: underline;\">Horas de oficina:<br \/><br \/><\/span><span style=\"font-family: inherit;\">Mi\u00e9rcoles de 13h a 17h<br \/>Jueves de 10h a 17h \u00a0<br \/><\/span><span style=\"font-family: inherit;\">(Hora central europea)<\/span><\/p>\r\n<\/td>\r\n<\/tr>\r\n<tr>\r\n<td style=\"width: 49.1935%;\">\u00a0<\/td>\r\n<td style=\"width: 49.5161%;\">\u00a0<\/td>\r\n<\/tr>\r\n<tr>\r\n<td style=\"width: 49.1935%;\">\r\n<p><span style=\"text-decoration: underline;\">Karolina Johansson<\/span><br \/>Director - Gesti\u00f3n de la oficina, del Congreso, de Proyectos, de la Comunicaci\u00f3n, de Finanzas, y la correspondencia del Consejo.<br \/><a href=\"mailto:info@aic-iac.org\">info@aic-iac.org<\/a><\/p>\r\n<p><span style=\"text-decoration: underline;\">Sophie Voirol<\/span><br \/>Asistente administrativo - Cuotas de afiliaci\u00f3n y correspondencia con los miembros.<br \/><a href=\"mailto:office@aic-iac.org\">office@aic-iac.org<\/a><br \/>+41 22 575 48 42<\/p>\r\n<\/td>\r\n<td style=\"width: 49.5161%;\">\r\n<p><span style=\"text-decoration: underline;\">Oficina AIC<\/span><br \/>Mus\u00e9e Ariana<br \/>10 avenue de la Paix<br \/>CH\u20131202\u00a0Gen\u00e8ve<br \/>Suiza<br \/>T +41 22 418 54 76<\/p>\r\n<p><strong>P\u00f3ngase en contacto con Sophie Voirol para todo lo relacionado con las cuotas de afiliaci\u00f3n<\/strong>.<\/p>\r\n<\/td>\r\n<\/tr>\r\n<tr>\r\n<td style=\"width: 49.1935%;\">\u00a0<\/td>\r\n<td style=\"width: 49.5161%;\">\u00a0<\/td>\r\n<\/tr>\r\n<\/tbody>\r\n<\/table>\r\n<p><a href=\"mailto:info@aic-iac.org\">\u00a0<\/a><\/p>\r\n<p>&nbsp;<\/p>","_es_post_name":"contact","_es_post_excerpt":"Para contactar la oficina de AIC","_es_post_title":"Contacto","edit_language":"zh"},"class_list":["post-48849","page","type-page","status-publish","has-post-thumbnail","hentry"],"_links":{"self":[{"href":"https:\/\/dev2024.aic-iac.org\/zh\/wp-json\/wp\/v2\/pages\/48849"}],"collection":[{"href":"https:\/\/dev2024.aic-iac.org\/zh\/wp-json\/wp\/v2\/pages"}],"about":[{"href":"https:\/\/dev2024.aic-iac.org\/zh\/wp-json\/wp\/v2\/types\/page"}],"author":[{"embeddable":true,"href":"https:\/\/dev2024.aic-iac.org\/zh\/wp-json\/wp\/v2\/users\/379"}],"replies":[{"embeddable":true,"href":"https:\/\/dev2024.aic-iac.org\/zh\/wp-json\/wp\/v2\/comments?post=48849"}],"version-history":[{"count":92,"href":"https:\/\/dev2024.aic-iac.org\/zh\/wp-json\/wp\/v2\/pages\/48849\/revisions"}],"predecessor-version":[{"id":75165,"href":"https:\/\/dev2024.aic-iac.org\/zh\/wp-json\/wp\/v2\/pages\/48849\/revisions\/75165"}],"wp:featuredmedia":[{"embeddable":true,"href":"https:\/\/dev2024.aic-iac.org\/zh\/wp-json\/wp\/v2\/media\/18133"}],"wp:attachment":[{"href":"https:\/\/dev2024.aic-iac.org\/zh\/wp-json\/wp\/v2\/media?parent=48849"}],"curies":[{"name":"wp","href":"https:\/\/api.w.org\/{rel}","templated":true}]}}