{"id":21964,"date":"2015-10-09T09:05:55","date_gmt":"2015-10-09T09:05:55","guid":{"rendered":"http:\/\/www.aic-iac.org\/?page_id=21964"},"modified":"2024-08-07T11:59:15","modified_gmt":"2024-08-07T11:59:15","slug":"fonds-membre-solidaire","status":"publish","type":"page","link":"https:\/\/dev2024.aic-iac.org\/fr\/a-propos\/donation\/fonds-membre-solidaire\/","title":{"rendered":"Le Fonds Membre solidaire"},"content":{"rendered":"<table>\n<tbody>\n<tr>\n<td colspan=\"2\"><img loading=\"lazy\" decoding=\"async\" class=\"alignnone wp-image-75060 size-large\" src=\"https:\/\/www.aic-iac.org\/wp-content\/uploads\/Migrantes-1-scaled-1-940x665.jpg\" alt=\"\" width=\"940\" height=\"665\" srcset=\"https:\/\/dev2024.aic-iac.org\/wp-content\/uploads\/Migrantes-1-scaled-1-940x665.jpg 940w, https:\/\/dev2024.aic-iac.org\/wp-content\/uploads\/Migrantes-1-scaled-1-300x212.jpg 300w, https:\/\/dev2024.aic-iac.org\/wp-content\/uploads\/Migrantes-1-scaled-1-768x544.jpg 768w, https:\/\/dev2024.aic-iac.org\/wp-content\/uploads\/Migrantes-1-scaled-1-1536x1087.jpg 1536w, https:\/\/dev2024.aic-iac.org\/wp-content\/uploads\/Migrantes-1-scaled-1-2048x1450.jpg 2048w\" sizes=\"(max-width: 940px) 100vw, 940px\" \/><\/td>\n<\/tr>\n<tr>\n<td colspan=\"2\">\u00a0<\/td>\n<\/tr>\n<tr>\n<td>\n<p>Le d\u00e9veloppement de l\u2019AIC et l\u2019ouverture \u00e0 un\u00a0r\u00e9seau international r\u00e9el\u00a0sont au c\u0153ur des questionnements soulev\u00e9s par le Conseil. L\u2019objectif est de permettre \u00e0 tout ceux qui contribuent \u00e0 la promotion de la Communaut\u00e9 c\u00e9ramique de\u00a0pouvoir\u00a0pr\u00e9tendre au statut de membre de l\u2019AIC. Aujourd\u2019hui, des actions soutenues par le Conseil et l\u2019engagement individuel de membres ont permis de compter des\u00a0candidat-e-s\u00a0et des membres venant de l\u2019Inde,\u00a0du\u00a0Kirghizistan et\u00a0du\u00a0Pakistan.<\/p>\n<p>Nous voulons souligner que les d\u00e9marches qui offrent \u00e0 la communaut\u00e9 de l\u2019AIC un acc\u00e8s \u00e0 l\u2019autre\u00a0et \u00e0 sa culture ne doivent pas rester des actions isol\u00e9es, mais\u00a0t\u00e9moignent d\u2019un engagement\u00a0g\u00e9n\u00e9ral qui doit se r\u00e9aliser et se maintenir avec le soutien des membres.<\/p>\n<p>Pour ce faire, l\u2019AIC demande \u00e0 ceux qui souhaitent encourager une repr\u00e9sentation\u00a0la plus\u00a0universelle de la culture c\u00e9ramique, lib\u00e9r\u00e9e des\u00a0effets n\u00e9gatifs li\u00e9s aux standards\u00a0de la globalisation actuelle, de souscrire \u00e0 une cotisation de soutien &#8211; Membre Solidaire,\u00a0dans la mesure de leurs possibilit\u00e9s.<\/p>\n<\/td>\n<td>\n<table>\n<tbody>\n<tr>\n<td>\n<hr \/>\n<h3><span style=\"color: #e300b6\"><strong>&gt;&gt;&gt;&gt;<\/strong><\/span> <a href=\"https:\/\/dev2024.aic-iac.org\/fr\/a-propos\/donation\/fonds-membre-solidaire\/?paypal_btn=pay&paypal_item=Don pour le fonds Membre Solidaire&paypal_type=don\">Faire un don pour le fonds Membre Solidaire <\/a><\/h3>\n<hr \/>\n<p><span style=\"color: #ff00ff\">Un immense merci pour votre soutien ! <\/span><\/p>\n<p><span class=\"caption\"><span style=\"color: #808080\">Le fonds de soutien Membre Solidaire cr\u00e9\u00e9 en 2015 permet proposer des cotisations annuelles ou des frais d\u2019inscription adapt\u00e9s \u00e0 la situation financi\u00e8re des personnes concern\u00e9es. <\/span>\u00a0<\/span><\/p>\n<\/td>\n<\/tr>\n<\/tbody>\n<\/table>\n<\/td>\n<\/tr>\n<\/tbody>\n<\/table>\n<p>\u200b<\/p>\n<p>&nbsp;<\/p>\n<p>&nbsp;<\/p>\n<p>&nbsp;<\/p>\n<p>\u200b<\/p>\n<p>&nbsp;<\/p>\n","protected":false},"excerpt":{"rendered":"<p>Le d\u00e9veloppement de l\u2019AIC et l\u2019ouverture \u00e0 un r\u00e9seau international r\u00e9el sont au c\u0153ur des questionnements soulev\u00e9s par le Conseil.<\/p>\n","protected":false},"author":4,"featured_media":75060,"parent":9932,"menu_order":0,"comment_status":"closed","ping_status":"closed","template":"","meta":{"_fr_post_content":"<table>\r\n<tbody>\r\n<tr>\r\n<td colspan=\"2\"><img class=\"alignnone wp-image-75060 size-large\" src=\"https:\/\/www.aic-iac.org\/wp-content\/uploads\/Migrantes-1-scaled-1-940x665.jpg\" alt=\"\" width=\"940\" height=\"665\" \/><\/td>\r\n<\/tr>\r\n<tr>\r\n<td colspan=\"2\">\u00a0<\/td>\r\n<\/tr>\r\n<tr>\r\n<td>\r\n<p>Le d\u00e9veloppement de l\u2019AIC et l\u2019ouverture \u00e0 un\u00a0r\u00e9seau international r\u00e9el\u00a0sont au c\u0153ur des questionnements soulev\u00e9s par le Conseil. L\u2019objectif est de permettre \u00e0 tout ceux qui contribuent \u00e0 la promotion de la Communaut\u00e9 c\u00e9ramique de\u00a0pouvoir\u00a0pr\u00e9tendre au statut de membre de l\u2019AIC. Aujourd\u2019hui, des actions soutenues par le Conseil et l\u2019engagement individuel de membres ont permis de compter des\u00a0candidat-e-s\u00a0et des membres venant de l\u2019Inde,\u00a0du\u00a0Kirghizistan et\u00a0du\u00a0Pakistan.<\/p>\r\n<p>Nous voulons souligner que les d\u00e9marches qui offrent \u00e0 la communaut\u00e9 de l\u2019AIC un acc\u00e8s \u00e0 l\u2019autre\u00a0et \u00e0 sa culture ne doivent pas rester des actions isol\u00e9es, mais\u00a0t\u00e9moignent d\u2019un engagement\u00a0g\u00e9n\u00e9ral qui doit se r\u00e9aliser et se maintenir avec le soutien des membres.<\/p>\r\n<p>Pour ce faire, l\u2019AIC demande \u00e0 ceux qui souhaitent encourager une repr\u00e9sentation\u00a0la plus\u00a0universelle de la culture c\u00e9ramique, lib\u00e9r\u00e9e des\u00a0effets n\u00e9gatifs li\u00e9s aux standards\u00a0de la globalisation actuelle, de souscrire \u00e0 une cotisation de soutien - Membre Solidaire,\u00a0dans la mesure de leurs possibilit\u00e9s.<\/p>\r\n<\/td>\r\n<td>\r\n<table>\r\n<tbody>\r\n<tr>\r\n<td><hr \/>\r\n<h3><span style=\"color: #e300b6\"><strong>&gt;&gt;&gt;&gt;<\/strong><\/span> [paypal type=\"don\"\u00a0item=\"Don pour le fonds Membre Solidaire\"]Faire un don pour le fonds Membre Solidaire [\/paypal]<\/h3>\r\n<hr \/>\r\n<p><span style=\"color: #ff00ff\">Un immense merci pour votre soutien ! <\/span><\/p>\r\n<p><span class=\"caption\"><span style=\"color: #808080\">Le fonds de soutien Membre Solidaire cr\u00e9\u00e9 en 2015 permet proposer des cotisations annuelles ou des frais d\u2019inscription adapt\u00e9s \u00e0 la situation financi\u00e8re des personnes concern\u00e9es. <\/span>\u00a0<\/span><\/p>\r\n<\/td>\r\n<\/tr>\r\n<\/tbody>\r\n<\/table>\r\n<\/td>\r\n<\/tr>\r\n<\/tbody>\r\n<\/table>\r\n<p>\u200b<\/p>\r\n<p>&nbsp;<\/p>\r\n<p>&nbsp;<\/p>\r\n<p>&nbsp;<\/p>\r\n<p>\u200b<\/p>\r\n<p>&nbsp;<\/p>","_fr_post_name":"fonds-membre-solidaire","_fr_post_excerpt":"Le d\u00e9veloppement de l\u2019AIC et l\u2019ouverture \u00e0 un r\u00e9seau international r\u00e9el sont au c\u0153ur des questionnements soulev\u00e9s par le Conseil.","_fr_post_title":"Le Fonds Membre solidaire","_en_post_content":"<table>\r\n<tbody>\r\n<tr>\r\n<td colspan=\"2\"><img class=\"alignnone wp-image-75060 size-large\" src=\"https:\/\/www.aic-iac.org\/wp-content\/uploads\/Migrantes-1-scaled-1-940x665.jpg\" alt=\"\" width=\"940\" height=\"665\" \/><\/td>\r\n<\/tr>\r\n<tr>\r\n<td>\u00a0<\/td>\r\n<td>\u00a0<\/td>\r\n<\/tr>\r\n<tr>\r\n<td rowspan=\"2\">\r\n<p>The development of the Academy and the opening to a truly international network are at the heart of the issues raised by the Council. The aim is to enable all those who contribute to the promotion of the ceramic community to qualify as members of the IAC. The active support of the Council and the individual commitment of some members have allowed candidates from Kyrgyzstan, Pakistan and India to join the Academy.<\/p>\r\n<p>We would like to emphasise that these steps which allow access to cultural openness should not remain isolated, but become a general commitment maintained by the existing members. In order to do this, the IAC would ask members who wish to encourage universal representation of the\u00a0ceramic\u00a0culture, irrespective of limiting concepts of international norms, to contribute to a support fund \u2013 Membership Solidarity.<\/p>\r\n<\/td>\r\n<td rowspan=\"2\"><hr \/>\r\n<h3><span style=\"color: #ff00ff\"><strong>&gt;&gt;&gt;&gt;<\/strong><\/span>[paypal type=\"don\"\u00a0item=\"Donation to the fund Membership\u00a0Solidarity\"]Donate to the fund Membership Solidarity\u00a0[\/paypal]\u00a0<\/h3>\r\n<hr \/>\r\n<p><span style=\"color: #ff00ff\">Thank you very much for your support.<\/span><\/p>\r\n<p><span class=\"caption\">This fund will allow us to offer registration fees or annual fees tailored to the financial situation of those wishing to become or remain members.<br \/><\/span><\/p>\r\n<p>&nbsp;<\/p>\r\n<\/td>\r\n<\/tr>\r\n<\/tbody>\r\n<\/table>\r\n<p>&nbsp;<\/p>","_en_post_name":"fonds-membre-solidaire","_en_post_excerpt":"The development of the Academy and the opening to a truly international network are at the heart of the issues raised by the Council.","_en_post_title":"Membership solidarity Fund","_ja_post_content":"","_ja_post_name":"","_ja_post_excerpt":"","_ja_post_title":"","_zh_post_content":"","_zh_post_name":"","_zh_post_excerpt":"","_zh_post_title":"","_es_post_content":"","_es_post_name":"","_es_post_excerpt":"","_es_post_title":"","edit_language":"fr"},"class_list":["post-21964","page","type-page","status-publish","has-post-thumbnail","hentry"],"_links":{"self":[{"href":"https:\/\/dev2024.aic-iac.org\/fr\/wp-json\/wp\/v2\/pages\/21964"}],"collection":[{"href":"https:\/\/dev2024.aic-iac.org\/fr\/wp-json\/wp\/v2\/pages"}],"about":[{"href":"https:\/\/dev2024.aic-iac.org\/fr\/wp-json\/wp\/v2\/types\/page"}],"author":[{"embeddable":true,"href":"https:\/\/dev2024.aic-iac.org\/fr\/wp-json\/wp\/v2\/users\/4"}],"replies":[{"embeddable":true,"href":"https:\/\/dev2024.aic-iac.org\/fr\/wp-json\/wp\/v2\/comments?post=21964"}],"version-history":[{"count":67,"href":"https:\/\/dev2024.aic-iac.org\/fr\/wp-json\/wp\/v2\/pages\/21964\/revisions"}],"predecessor-version":[{"id":75091,"href":"https:\/\/dev2024.aic-iac.org\/fr\/wp-json\/wp\/v2\/pages\/21964\/revisions\/75091"}],"up":[{"embeddable":true,"href":"https:\/\/dev2024.aic-iac.org\/fr\/wp-json\/wp\/v2\/pages\/9932"}],"wp:featuredmedia":[{"embeddable":true,"href":"https:\/\/dev2024.aic-iac.org\/fr\/wp-json\/wp\/v2\/media\/75060"}],"wp:attachment":[{"href":"https:\/\/dev2024.aic-iac.org\/fr\/wp-json\/wp\/v2\/media?parent=21964"}],"curies":[{"name":"wp","href":"https:\/\/api.w.org\/{rel}","templated":true}]}}