{"id":73,"date":"2014-10-03T13:23:16","date_gmt":"2014-10-03T13:23:16","guid":{"rendered":"http:\/\/www.aic-iac.org\/?page_id=73"},"modified":"2024-11-07T16:02:12","modified_gmt":"2024-11-07T16:02:12","slug":"unesco","status":"publish","type":"page","link":"https:\/\/dev2024.aic-iac.org\/es\/academie\/unesco\/","title":{"rendered":"Socio de la UNESCO","raw":"Socio de la UNESCO"},"content":{"rendered":"<table style=\"width: 100%;\">\n<tbody>\n<tr>\n<td style=\"width: 98.7097%;\" colspan=\"2\">\n<div id=\"attachment_10747\" style=\"width: 650px\" class=\"wp-caption alignnone\"><img loading=\"lazy\" decoding=\"async\" aria-describedby=\"caption-attachment-10747\" class=\"wp-image-10747 size-full\" src=\"https:\/\/www.aic-iac.org\/wp-content\/uploads\/682915633_47309f97fd_z.jpg\" alt=\"\" width=\"640\" height=\"480\" srcset=\"https:\/\/dev2024.aic-iac.org\/wp-content\/uploads\/682915633_47309f97fd_z.jpg 640w, https:\/\/dev2024.aic-iac.org\/wp-content\/uploads\/682915633_47309f97fd_z-300x225.jpg 300w\" sizes=\"(max-width: 640px) 100vw, 640px\" \/><p id=\"caption-attachment-10747\" class=\"wp-caption-text\">Sede de la UNESCO en Par\u00eds<\/p><\/div>\n<\/td>\n<\/tr>\n<tr>\n<td style=\"width: 49.3548%;\">\n<p>Desde 1958, la AIC ha estado afiliada a la <a href=\"https:\/\/es.unesco.org\">UNESCO<\/a>, primero como consultora y luego, desde 2001, como socia oficial en el sector cultural. La AIC se toma esta asociaci\u00f3n muy en serio y desea contribuir para afrontar los desaf\u00edos de esta importante organizaci\u00f3n que se relaciona con los problemas cient\u00edficos, educativos y culturales de sus pa\u00edses miembros.<\/p>\n<p>Nuestro papel en la UNESCO se mantiene bajo revisi\u00f3n peri\u00f3dica. Es importante para la AIC mantener fuertes lazos con la organizaci\u00f3n. De lo contrario, corre el riesgo de perder su estatus. Nuestra principal fortaleza es nuestra universalidad, tanto en t\u00e9rminos de un medio \u00fanico, com\u00fan a tantas culturas, como en t\u00e9rminos de membres\u00eda (provenientes de los cinco continentes y cincuenta y tres pa\u00edses). Tal dimensi\u00f3n internacional debe permitirnos desarrollar proyectos pragm\u00e1ticos basados \u200b\u200ben el consenso para proponer a nuestros miembros, as\u00edcomo a las dem\u00e1s ONG miembros de la UNESCO.<\/p>\n<p>Loul Combres lanz\u00f3 una serie de proyectos internacionales (H\u00e1bitat Tierra, festivales de cine, entre otros), pero uno destaca por su potencial futuro: la asociaci\u00f3n con la &#8216;Fondation Culture et Diversit\u00e9&#8217;, con el objetivo de promover el acceso a la cultura y las artes para los j\u00f3venes con antecedentes educativos desfavorecidos.<\/p>\n<\/td>\n<td style=\"width: 49.3548%;\">\n<p>El sitio de Saint-Jean-de-Fos queha estado involucrado en el programa de la UNESCO durante los \u00faltimos dos a\u00f1os. St\u00e9phanie Le Follic-Hadida busca otros lugares capaces de albergar a j\u00f3venes ceramistas de \u00c1frica, Asia y Am\u00e9rica del Sur, como las tres regiones prioritarias identificadas por la UNESCO, en particular.<\/p>\n<p>Nuestra representante ante la UNESCO nos mantiene informados de las actividades de la organizaci\u00f3n y mantiene y avanza nuestras redes internacionales. A trav\u00e9s de esta representaci\u00f3n, podemos implementar y desarrollar proyectos que cumplan con los requisitos de nuestros miembros en este contexto.<\/p>\n<p>Por ello, la AIC anima encarecidamente a sus miembros a que reconozcan la asociaci\u00f3n de la AIC con la UNESCO de la siguiente manera:<\/p>\n<ul>\n<li>&#8220;AIC, ONG en asociaci\u00f3n oficial con la UNESCO&#8221;<\/li>\n<\/ul>\n<p><span style=\"text-decoration: underline;\">Por favor, tenga tambi\u00e9n en cuenta que no est\u00e1 permitido el uso o la reproducci\u00f3n del logotipo de la UNESCO.<\/span> La AIC declina toda responsabilidad por cualquier violaci\u00f3n de estas normas por parte de sus miembros. La responsabilidad es de cada uno.<\/p>\n<p>&nbsp;<\/p>\n<\/td>\n<\/tr>\n<\/tbody>\n<\/table>\n<p>&nbsp;<\/p>\n","protected":false,"raw":"<table style=\"width: 100%;\">\r\n<tbody>\r\n<tr>\r\n<td style=\"width: 98.7097%;\" colspan=\"2\">\r\n[caption id=\"attachment_10747\" align=\"alignnone\" width=\"640\"]<img class=\"wp-image-10747 size-full\" src=\"https:\/\/www.aic-iac.org\/wp-content\/uploads\/682915633_47309f97fd_z.jpg\" alt=\"\" width=\"640\" height=\"480\" \/> Sede de la UNESCO en Par\u00eds[\/caption]\r\n<\/td>\r\n<\/tr>\r\n<tr>\r\n<td style=\"width: 49.3548%;\">\r\n<p>Desde 1958, la AIC ha estado afiliada a la <a href=\"https:\/\/es.unesco.org\">UNESCO<\/a>, primero como consultora y luego, desde 2001, como socia oficial en el sector cultural. La AIC se toma esta asociaci\u00f3n muy en serio y desea contribuir para afrontar los desaf\u00edos de esta importante organizaci\u00f3n que se relaciona con los problemas cient\u00edficos, educativos y culturales de sus pa\u00edses miembros.<\/p>\r\n<p>Nuestro papel en la UNESCO se mantiene bajo revisi\u00f3n peri\u00f3dica. Es importante para la AIC mantener fuertes lazos con la organizaci\u00f3n. De lo contrario, corre el riesgo de perder su estatus. Nuestra principal fortaleza es nuestra universalidad, tanto en t\u00e9rminos de un medio \u00fanico, com\u00fan a tantas culturas, como en t\u00e9rminos de membres\u00eda (provenientes de los cinco continentes y cincuenta y tres pa\u00edses). Tal dimensi\u00f3n internacional debe permitirnos desarrollar proyectos pragm\u00e1ticos basados \u200b\u200ben el consenso para proponer a nuestros miembros, as\u00edcomo a las dem\u00e1s ONG miembros de la UNESCO.<\/p>\r\n<p>Loul Combres lanz\u00f3 una serie de proyectos internacionales (H\u00e1bitat Tierra, festivales de cine, entre otros), pero uno destaca por su potencial futuro: la asociaci\u00f3n con la 'Fondation Culture et Diversit\u00e9', con el objetivo de promover el acceso a la cultura y las artes para los j\u00f3venes con antecedentes educativos desfavorecidos.<\/p>\r\n<\/td>\r\n<td style=\"width: 49.3548%;\">\r\n<p>El sitio de Saint-Jean-de-Fos queha estado involucrado en el programa de la UNESCO durante los \u00faltimos dos a\u00f1os. St\u00e9phanie Le Follic-Hadida busca otros lugares capaces de albergar a j\u00f3venes ceramistas de \u00c1frica, Asia y Am\u00e9rica del Sur, como las tres regiones prioritarias identificadas por la UNESCO, en particular.<\/p>\r\n<p>Nuestra representante ante la UNESCO nos mantiene informados de las actividades de la organizaci\u00f3n y mantiene y avanza nuestras redes internacionales. A trav\u00e9s de esta representaci\u00f3n, podemos implementar y desarrollar proyectos que cumplan con los requisitos de nuestros miembros en este contexto.<\/p>\r\n<p>Por ello, la AIC anima encarecidamente a sus miembros a que reconozcan la asociaci\u00f3n de la AIC con la UNESCO de la siguiente manera:<\/p>\r\n<ul>\r\n<li>\"AIC, ONG en asociaci\u00f3n oficial con la UNESCO\"<\/li>\r\n<\/ul>\r\n<p><span style=\"text-decoration: underline;\">Por favor, tenga tambi\u00e9n en cuenta que no est\u00e1 permitido el uso o la reproducci\u00f3n del logotipo de la UNESCO.<\/span> La AIC declina toda responsabilidad por cualquier violaci\u00f3n de estas normas por parte de sus miembros. La responsabilidad es de cada uno.<\/p>\r\n<p>&nbsp;<\/p>\r\n<\/td>\r\n<\/tr>\r\n<\/tbody>\r\n<\/table>\r\n<p>&nbsp;<\/p>"},"excerpt":{"rendered":"<p>Desde 1958, la AIC ha estado afiliada a la UNESCO, primero como consultora y luego, desde 2001, como socia oficial en el sector cultural. <\/p>\n","protected":false,"raw":"Desde 1958, la AIC ha estado afiliada a la UNESCO, primero como consultora y luego, desde 2001, como socia oficial en el sector cultural. "},"author":4,"featured_media":10747,"parent":17368,"menu_order":0,"comment_status":"closed","ping_status":"closed","template":"","meta":{"_fr_post_content":"<table style=\"width: 100%;\">\r\n<tbody>\r\n<tr>\r\n<td style=\"width: 98.7096%;\" colspan=\"2\">\r\n[caption id=\"attachment_10747\" align=\"alignnone\" width=\"640\"]<img class=\"wp-image-10747 size-full\" src=\"https:\/\/www.aic-iac.org\/wp-content\/uploads\/682915633_47309f97fd_z.jpg\" alt=\"\" width=\"640\" height=\"480\" \/> Si\u00e8ge Unesco \u00e0 Paris[\/caption]\r\n<\/td>\r\n<\/tr>\r\n<tr>\r\n<td style=\"width: 49.3548%;\">\r\n<p>Depuis 1958, l\u2019AIC est li\u00e9e aux activit\u00e9s de l\u2019<a title=\"UNESCO\" href=\"http:\/\/fr.unesco.org\/\" target=\"_blank\" rel=\"noopener noreferrer\">UNESCO<\/a>, dans un premier temps \u00e0 titre consultatif, puis en 2001, en qualit\u00e9 de partenaire officiel pour le secteur culturel. L\u2019AIC souhaite r\u00e9pondre aux exigences de cette affiliation, qui sont principalement li\u00e9es aux questions climatiques, \u00e9conomiques et \u00e9ducatives rencontr\u00e9es par les pays membres.<\/p>\r\n<p>Notre r\u00f4le aupr\u00e8s de l\u2019UNESCO est r\u00e9guli\u00e8rement \u00e9valu\u00e9. Il est important que l\u2019AIC puisse maintenir ce lien vivace. A d\u00e9faut, le risque de radiation existe. Notre atout est notre universalit\u00e9\u00a0: universalit\u00e9 d\u2019une mati\u00e8re, socle des cultures, et \u2013 en r\u00e9sonance - universalit\u00e9 de nos membres (cinq continents et cinquante-trois pays repr\u00e9sent\u00e9s). Cette valeur d\u2019internationalit\u00e9 doit nous permettre d\u2019\u00e9laborer des projets concrets, pragmatiques et f\u00e9d\u00e9rateurs, aupr\u00e8s de nos membres et aupr\u00e8s d\u2019autres ONG membres de l\u2019UNESCO.<\/p>\r\n<p>Loul Combres a initi\u00e9 de nombreux chantiers internationaux (Habitat terre, festivals de films...). Parmi eux, il en subsiste un d\u2019avenir\u00a0: il s\u2019agit du partenariat nou\u00e9 avec la Fondation Culture et Diversit\u00e9 qui vise \u00e0 favoriser l\u2019acc\u00e8s des jeunes de l\u2019\u00e9ducation prioritaire aux arts et \u00e0 la culture.<\/p>\r\n<\/td>\r\n<td style=\"width: 49.3548%;\">\r\n<p>Le site de Saint-Jean-de-Fos affili\u00e9 depuis deux ans \u00e0 ce programme UNESCO restera suivi par Loul Combres. St\u00e9phanie Le Follic-Hadida t\u00e2chera, pour sa part, de trouver d\u2019autres lieux d\u2019accueil pour des jeunes c\u00e9ramistes en provenance d\u2019Afrique, d\u2019Asie et d\u2019Am\u00e9rique du Sud essentiellement, soit en provenance des trois zones g\u00e9ographiques d\u00e9finies comme prioritaires par l\u2019UNESCO.<\/p>\r\n<p>Notre correspondant AIC aupr\u00e8s de l'UNESCO, nous tient au courant des activit\u00e9s et d\u00e9veloppe un r\u00e9seau international. Notre pr\u00e9sence \u00e0 l'Unesco est plus que formelle, gr\u00e2ce \u00e0 notre correspondant nous sommes en mesure de r\u00e9pondre aux exigences de notre affiliation, mais aussi de d\u00e9velopper et de r\u00e9aliser des projets dans ce contexte.<\/p>\r\n<p>A ce titre, lorsque cela est appropri\u00e9, l'AIC encourage fortement ses membres \u00e0 reconna\u00eetre le partenariat de l'AIC avec l'UNESCO de la mani\u00e8re suivante:<\/p>\r\n<ul>\r\n<li>\"AIC, ONG en partenariat officiel avec l'UNESCO\"<\/li>\r\n<\/ul>\r\n<p><span style=\"text-decoration: underline;\">Veuillez \u00e9galement noter qu'aucune utilisation ou reproduction du logo de l'UNESCO n'est autoris\u00e9e.<\/span> L'AIC d\u00e9cline toute responsabilit\u00e9 en cas de violation de ces r\u00e8gles par ses membres. La responsabilit\u00e9 en incombe \u00e0 chacun.<\/p>\r\n<\/td>\r\n<\/tr>\r\n<\/tbody>\r\n<\/table>\r\n<p>&nbsp;<\/p>","_fr_post_name":"unesco","_fr_post_excerpt":"Depuis 1958, l\u2019AIC est li\u00e9e aux activit\u00e9s de l\u2019UNESCO, dans un premier temps \u00e0 titre consultatif, puis en 2001, en qualit\u00e9 de partenaire officiel pour le secteur culturel. ","_fr_post_title":"Partenaire de l'UNESCO","_en_post_content":"<table style=\"width: 100%;\">\r\n<tbody>\r\n<tr>\r\n<td style=\"width: 98.7096%;\" colspan=\"2\">\r\n[caption id=\"attachment_10747\" align=\"alignnone\" width=\"640\"]<img class=\"wp-image-10747 size-full\" src=\"https:\/\/www.aic-iac.org\/wp-content\/uploads\/682915633_47309f97fd_z.jpg\" alt=\"\" width=\"640\" height=\"480\" \/> UNESCO headquarters in Paris[\/caption]\r\n<\/td>\r\n<\/tr>\r\n<tr>\r\n<td style=\"width: 49.3548%;\">\r\n<p>Since 1958, the IAC has been affiliated with <a href=\"http:\/\/en.unesco.org\/\">UNESCO<\/a>, first on a consulting basis and then, since 2001, as an official partner in the cultural sector. The IAC takes this partnership seriously and wishes to contribute to meet the challenges of this important organisation recognising the scientific, educational and cultural issues of its member countries.<\/p>\r\n<p>Our role at UNESCO is kept under regular review. It is important for the IAC to maintain strong ties with the organisation. Otherwise, it risks losing its status. Our main strength is our universality, both in terms of a single medium, common to so many cultures, and in terms of our membership (drawn from five continents and fifty-three countries). Such an international dimension should enable us to develop pragmatic and consensus-based projects to propose to our members as well as to the other NGO members of UNESCO.<\/p>\r\n<p>Loul Combres launched a number of international projects (Habitat Earth, film festivals, among others), but one stands out for its future potential: the partnership with the Fondation Culture et Diversit\u00e9, aiming to promote access to culture and the arts for young people from disadvantaged educational backgrounds.<\/p>\r\n<\/td>\r\n<td style=\"width: 49.3548%;\">\r\n<p>The Saint-Jean-de-Fos site that has been involved in the UNESCO programme for the past two years. St\u00e9phanie Le Follic-Hadida looks for other locations capable of hosting young ceramists from Africa, Asia and South America, as the three priority regions identified by UNESCO, in particular.<\/p>\r\n<p>Our IAC representative to UNESCO keeps us informed of the organisation's activities and maintains and progresses our international networks. Through this representation we can implement and develop projects that meet the requirements of our membership within this context.<\/p>\r\n<p>As such, where appropriate, the IAC strongly encourages its members to acknowledge the IAC's partnership with UNESCO in the following manner:<\/p>\r\n<ul>\r\n<li>\"IAC, NGO in official partnership with UNESCO\"<\/li>\r\n<\/ul>\r\n<p><span style=\"text-decoration: underline;\">Please also note that no use or reproduction of the UNESCO logo is permitted.<\/span> The IAC disclaims all responsibility for any violation of these rules by its members. It is the individual's responsibility.<\/p>\r\n<\/td>\r\n<\/tr>\r\n<\/tbody>\r\n<\/table>\r\n<p>&nbsp;<\/p>","_en_post_name":"unesco","_en_post_excerpt":"Since 1958, AIC has been affiliated with UNESCO, first on a consulting basis and then, since 2001, as an official partner in the cultural sector. ","_en_post_title":"Partner of UNESCO","_ja_post_content":"","_ja_post_name":"","_ja_post_excerpt":"","_ja_post_title":"","_zh_post_content":"<table>\r\n<tbody>\r\n<tr>\r\n<td colspan=\"2\">\r\n[caption id=\"attachment_10747\" align=\"alignnone\" width=\"640\"]<img class=\"wp-image-10747 size-full\" src=\"https:\/\/www.aic-iac.org\/wp-content\/uploads\/682915633_47309f97fd_z.jpg\" alt=\"\" width=\"640\" height=\"480\" \/> \u8054\u5408\u56fd\u6559\u79d1\u6587\u7ec4\u7ec7\u603b\u90e8\u00a0-\u00a0\u5df4\u9ece[\/caption]\r\n<\/td>\r\n<\/tr>\r\n<tr>\r\n<td>\r\n<p>\u81ea1958\u5e74\u4ee5\u6765\uff0cIAC\u4e00\u76f4\u96b6\u5c5e\u4e8e<a href=\"https:\/\/zh.unesco.org\">\u6559\u79d1\u6587\u7ec4\u7ec7<\/a>\uff0c\u9996\u5148\u662f\u5728\u54a8\u8be2\u7684\u57fa\u7840\u4e0a\uff0c\u7136\u540e\uff0c\u4ece2001\u5e74\u8d77\uff0c\u4f5c\u4e3a\u6587\u5316\u90e8\u95e8\u7684\u6b63\u5f0f\u5408\u4f5c\u4f19\u4f34\u3002IAC\u8ba4\u771f\u5bf9\u5f85\u8fd9\u4e00\u4f19\u4f34\u5173\u7cfb\uff0c\u5e76\u5e0c\u671b\u4e3a\u8fce\u63a5\u8fd9\u4e00\u8ba4\u8bc6\u5230\u5176\u6210\u5458\u56fd\u79d1\u5b66\u3001\u6559\u80b2\u548c\u6587\u5316\u95ee\u9898\u7684\u91cd\u8981\u7ec4\u7ec7\u7684\u6311\u6218\u4f5c\u51fa\u8d21\u732e\u3002<\/p>\r\n<p>\u6211\u4eec\u89d2\u8272\u5728\u8054\u5408\u56fd\u6559\u79d1\u6587\u7ec4\u7ec7\u7684\u4f5c\u7528\u53d7\u5230\u5b9a\u671f\u5ba1\u67e5\u3002\u5bf9IAC\u6765\u8bf4\uff0c\u4e0e\u7ec4\u7ec7\u4fdd\u6301\u7d27\u5bc6\u7684\u8054\u7cfb\u662f\u5f88\u91cd\u8981\u7684\u3002\u5426\u5219\uff0c\u5b83\u6709\u5931\u53bb\u8fd9\u4e2a\u5730\u4f4d\u7684\u98ce\u9669\u3002\u6211\u4eec\u7684\u4e3b\u8981\u4f18\u52bf\u662f\u6211\u4eec\u7684\u666e\u904d\u6027\uff0c\u65e0\u8bba\u662f\u5728\u5355\u4e00\u5a92\u4ecb\u4e0a\uff0c\u8fd8\u662f\u5728\u8bb8\u591a\u6587\u5316\u4e2d\u90fd\u5f88\u5e38\u89c1\uff0c\u8fd8\u662f\u5728\u6211\u4eec\u7684\u6210\u5458\uff08\u6765\u81ea\u4e94\u5927\u6d32\u548c\u4e94\u5341\u4e09\u4e2a\u56fd\u5bb6\uff09\u65b9\u9762\u3002\u8fd9\u6837\u7684\u56fd\u9645\u5c42\u9762\u5e94\u4f7f\u6211\u4eec\u80fd\u591f\u5236\u5b9a\u52a1\u5b9e\u548c\u57fa\u4e8e\u5171\u8bc6\u7684\u9879\u76ee\uff0c\u5411\u6211\u4eec\u7684\u6210\u5458\u4ee5\u53ca\u6559\u79d1\u6587\u7ec4\u7ec7\u7684\u5176\u4ed6\u975e\u653f\u5e9c\u7ec4\u7ec7\u6210\u5458\u63d0\u51fa\u5efa\u8bae\u3002<\/p>\r\n<p>Loul Combres\u00a0\u542f\u52a8\u4e86\u4e00\u7cfb\u5217\u56fd\u9645\u9879\u76ee\uff08\u4eba\u5c45\u5730\u7403\u3001\u7535\u5f71\u8282\u7b49)\uff0c\u4f46\u5176\u4e2d\u4e00\u4e2a\u7a81\u51fa\u7684\u662f\u5176\u672a\u6765\u7684\u6f5c\u529b\uff1a\u4e0e\u57fa\u91d1\u4f1a\u6587\u5316\u548c\u591a\u5143\u5316\u7684\u4f19\u4f34\u5173\u7cfb\uff0c\u65e8\u5728\u4fc3\u8fdb\u5f31\u52bf\u6559\u80b2\u80cc\u666f\u7684\u5e74\u8f7b\u4eba\u83b7\u5f97\u6587\u5316\u548c\u827a\u672f\u3002<\/p>\r\n<\/td>\r\n<td>\r\n<p>\u5723\u5fb7\u798f\u65af\u9057\u5740\u5728\u8fc7\u53bb\u4e24\u5e74\u4e2d\u4e00\u76f4\u53c2\u4e0e\u6559\u79d1\u6587\u7ec4\u7ec7\u7684\u8ba1\u5212\u3002\u53f2\u4e39\u8299\u59ae\u00b7\u5f17\u5229\u514b\u00b7\u54c8\u8fea\u8fbe\u6b63\u5728\u5bfb\u627e\u5176\u4ed6\u80fd\u591f\u63a5\u5f85\u6765\u81ea\u975e\u6d32\u3001\u4e9a\u6d32\u548c\u5357\u7f8e\u7684\u5e74\u8f7b\u9676\u827a\u5bb6\u7684\u5730\u70b9\uff0c\u7279\u522b\u662f\u8054\u5408\u56fd\u6559\u79d1\u6587\u7ec4\u7ec7\u786e\u5b9a\u7684\u4e09\u4e2a\u4f18\u5148\u533a\u57df\u3002<\/p>\r\n<p>\u6211\u4eec\u9a7b\u8054\u5408\u56fd\u6559\u79d1\u6587\u7ec4\u7ec7\u7684IAC\u4ee3\u8868\u5411\u6211\u4eec\u901a\u62a5\u4e86\u8be5\u7ec4\u7ec7\u7684\u6d3b\u52a8\uff0c\u7ef4\u62a4\u548c\u53d1\u5c55\u4e86\u6211\u4eec\u7684\u56fd\u9645\u7f51\u7edc\u3002\u901a\u8fc7\u8fd9\u79cd\u8868\u793a\uff0c\u6211\u4eec\u53ef\u4ee5\u5b9e\u73b0\u548c\u5f00\u53d1\u9879\u76ee\uff0c\u4ee5\u6ee1\u8db3\u6211\u4eec\u5728\u8fd9\u4e00\u80cc\u666f\u4e0b\u7684\u6210\u5458\u8d44\u683c\u8981\u6c42\u3002<\/p>\r\n<p>\u56e0\u6b64\uff0c\u5728\u9002\u5f53\u7684\u65f6\u5019\uff0c\u56fd\u9645\u9676\u827a\u5b66\u4f1aIAC\u5f3a\u70c8\u9f13\u52b1\u5176\u6210\u5458\u4ee5\u4e0b\u5217\u65b9\u5f0f\u627f\u8ba4\u56fd\u9645\u9676\u827a\u5b66\u4f1aIAC\u4e0e\u8054\u5408\u56fd\u6559\u79d1\u6587\u7ec4\u7ec7\u7684\u4f19\u4f34\u5173\u7cfb\u3002<\/p>\r\n<ul>\r\n<li>\"\u56fd\u9645\u9676\u827a\u5b66\u4f1aIAC\uff0c\u975e\u653f\u5e9c\u7ec4\u7ec7\u4e0e\u8054\u5408\u56fd\u6559\u79d1\u6587\u7ec4\u7ec7\u7684\u6b63\u5f0f\u4f19\u4f34\u5173\u7cfb\" \u3002<\/li>\r\n<\/ul>\r\n<p><span style=\"text-decoration: underline;\">\u8fd8\u8bf7\u6ce8\u610f\uff0c\u4e0d\u5141\u8bb8\u4f7f\u7528\u6216\u590d\u5236\u8054\u5408\u56fd\u6559\u79d1\u6587\u7ec4\u7ec7\u7684\u6807\u5fd7<\/span>\u3002\u56fd\u9645\u9676\u827a\u5b66\u4f1aIAC\u5bf9\u5176\u4f1a\u5458\u8fdd\u53cd\u8fd9\u4e9b\u89c4\u5219\u7684\u884c\u4e3a\u4e0d\u627f\u62c5\u4efb\u4f55\u8d23\u4efb\u3002\u4e00\u5207\u8d23\u4efb\u7531\u4e2a\u4eba\u627f\u62c5\u3002<\/p>\r\n<p>&nbsp;<\/p>\r\n<p>&nbsp;<\/p>\r\n<\/td>\r\n<\/tr>\r\n<\/tbody>\r\n<\/table>\r\n<p>&nbsp;<\/p>","_zh_post_name":"partner-of-unesco","_zh_post_excerpt":"","_zh_post_title":"\u8054\u5408\u56fd\u6559\u79d1\u6587\u7ec4\u7ec7 \u5408\u4f5c\u4f19\u4f34","_es_post_content":"<table style=\"width: 100%;\">\r\n<tbody>\r\n<tr>\r\n<td style=\"width: 98.7097%;\" colspan=\"2\">\r\n[caption id=\"attachment_10747\" align=\"alignnone\" width=\"640\"]<img class=\"wp-image-10747 size-full\" src=\"https:\/\/www.aic-iac.org\/wp-content\/uploads\/682915633_47309f97fd_z.jpg\" alt=\"\" width=\"640\" height=\"480\" \/> Sede de la UNESCO en Par\u00eds[\/caption]\r\n<\/td>\r\n<\/tr>\r\n<tr>\r\n<td style=\"width: 49.3548%;\">\r\n<p>Desde 1958, la AIC ha estado afiliada a la <a href=\"https:\/\/es.unesco.org\">UNESCO<\/a>, primero como consultora y luego, desde 2001, como socia oficial en el sector cultural. La AIC se toma esta asociaci\u00f3n muy en serio y desea contribuir para afrontar los desaf\u00edos de esta importante organizaci\u00f3n que se relaciona con los problemas cient\u00edficos, educativos y culturales de sus pa\u00edses miembros.<\/p>\r\n<p>Nuestro papel en la UNESCO se mantiene bajo revisi\u00f3n peri\u00f3dica. Es importante para la AIC mantener fuertes lazos con la organizaci\u00f3n. De lo contrario, corre el riesgo de perder su estatus. Nuestra principal fortaleza es nuestra universalidad, tanto en t\u00e9rminos de un medio \u00fanico, com\u00fan a tantas culturas, como en t\u00e9rminos de membres\u00eda (provenientes de los cinco continentes y cincuenta y tres pa\u00edses). Tal dimensi\u00f3n internacional debe permitirnos desarrollar proyectos pragm\u00e1ticos basados \u200b\u200ben el consenso para proponer a nuestros miembros, as\u00edcomo a las dem\u00e1s ONG miembros de la UNESCO.<\/p>\r\n<p>Loul Combres lanz\u00f3 una serie de proyectos internacionales (H\u00e1bitat Tierra, festivales de cine, entre otros), pero uno destaca por su potencial futuro: la asociaci\u00f3n con la 'Fondation Culture et Diversit\u00e9', con el objetivo de promover el acceso a la cultura y las artes para los j\u00f3venes con antecedentes educativos desfavorecidos.<\/p>\r\n<\/td>\r\n<td style=\"width: 49.3548%;\">\r\n<p>El sitio de Saint-Jean-de-Fos queha estado involucrado en el programa de la UNESCO durante los \u00faltimos dos a\u00f1os. St\u00e9phanie Le Follic-Hadida busca otros lugares capaces de albergar a j\u00f3venes ceramistas de \u00c1frica, Asia y Am\u00e9rica del Sur, como las tres regiones prioritarias identificadas por la UNESCO, en particular.<\/p>\r\n<p>Nuestra representante ante la UNESCO nos mantiene informados de las actividades de la organizaci\u00f3n y mantiene y avanza nuestras redes internacionales. A trav\u00e9s de esta representaci\u00f3n, podemos implementar y desarrollar proyectos que cumplan con los requisitos de nuestros miembros en este contexto.<\/p>\r\n<p>Por ello, la AIC anima encarecidamente a sus miembros a que reconozcan la asociaci\u00f3n de la AIC con la UNESCO de la siguiente manera:<\/p>\r\n<ul>\r\n<li>\"AIC, ONG en asociaci\u00f3n oficial con la UNESCO\"<\/li>\r\n<\/ul>\r\n<p><span style=\"text-decoration: underline;\">Por favor, tenga tambi\u00e9n en cuenta que no est\u00e1 permitido el uso o la reproducci\u00f3n del logotipo de la UNESCO.<\/span> La AIC declina toda responsabilidad por cualquier violaci\u00f3n de estas normas por parte de sus miembros. La responsabilidad es de cada uno.<\/p>\r\n<p>&nbsp;<\/p>\r\n<\/td>\r\n<\/tr>\r\n<\/tbody>\r\n<\/table>\r\n<p>&nbsp;<\/p>","_es_post_name":"unesco","_es_post_excerpt":"Desde 1958, la AIC ha estado afiliada a la UNESCO, primero como consultora y luego, desde 2001, como socia oficial en el sector cultural. ","_es_post_title":"Socio de la UNESCO","edit_language":"es"},"class_list":["post-73","page","type-page","status-publish","has-post-thumbnail","hentry"],"_links":{"self":[{"href":"https:\/\/dev2024.aic-iac.org\/es\/wp-json\/wp\/v2\/pages\/73"}],"collection":[{"href":"https:\/\/dev2024.aic-iac.org\/es\/wp-json\/wp\/v2\/pages"}],"about":[{"href":"https:\/\/dev2024.aic-iac.org\/es\/wp-json\/wp\/v2\/types\/page"}],"author":[{"embeddable":true,"href":"https:\/\/dev2024.aic-iac.org\/es\/wp-json\/wp\/v2\/users\/4"}],"replies":[{"embeddable":true,"href":"https:\/\/dev2024.aic-iac.org\/es\/wp-json\/wp\/v2\/comments?post=73"}],"version-history":[{"count":113,"href":"https:\/\/dev2024.aic-iac.org\/es\/wp-json\/wp\/v2\/pages\/73\/revisions"}],"predecessor-version":[{"id":61374,"href":"https:\/\/dev2024.aic-iac.org\/es\/wp-json\/wp\/v2\/pages\/73\/revisions\/61374"}],"up":[{"embeddable":true,"href":"https:\/\/dev2024.aic-iac.org\/es\/wp-json\/wp\/v2\/pages\/17368"}],"wp:featuredmedia":[{"embeddable":true,"href":"https:\/\/dev2024.aic-iac.org\/es\/wp-json\/wp\/v2\/media\/10747"}],"wp:attachment":[{"href":"https:\/\/dev2024.aic-iac.org\/es\/wp-json\/wp\/v2\/media?parent=73"}],"curies":[{"name":"wp","href":"https:\/\/api.w.org\/{rel}","templated":true}]}}