{"id":9949,"date":"2014-12-07T10:29:39","date_gmt":"2014-12-07T10:29:39","guid":{"rendered":"http:\/\/www.aic-iac.org\/?page_id=9949"},"modified":"2024-01-18T14:05:40","modified_gmt":"2024-01-18T14:05:40","slug":"cotisation","status":"publish","type":"page","link":"https:\/\/dev2024.aic-iac.org\/en\/membres\/cotisation\/","title":{"rendered":"Member fee","raw":"Member fee"},"content":{"rendered":"<table>\n<tbody>\n<tr>\n<td><img loading=\"lazy\" decoding=\"async\" class=\"alignnone wp-image-17965 size-large\" src=\"https:\/\/www.aic-iac.org\/wp-content\/uploads\/Detail02-940x705.jpg\" alt=\"Detail02\" width=\"940\" height=\"705\" srcset=\"https:\/\/dev2024.aic-iac.org\/wp-content\/uploads\/Detail02-940x705.jpg 940w, https:\/\/dev2024.aic-iac.org\/wp-content\/uploads\/Detail02-300x225.jpg 300w\" sizes=\"(max-width: 940px) 100vw, 940px\" \/><\/td>\n<\/tr>\n<\/tbody>\n<\/table>\n<table style=\"height: 116px;\" width=\"618\">\n<tbody>\n<tr>\n<td>Your active membership and interest enables the Academy to bring together an international community of members and to work for the promotion of ceramics throughout the world. Your contributions are essential to the development of the IAC.<\/p>\n<table style=\"height: 23px;\">\n<tbody>\n<tr style=\"height: 23px;\">\n<td style=\"height: 23px; width: 240px;\">\u00a0<\/td>\n<\/tr>\n<\/tbody>\n<\/table>\n<\/td>\n<td>\u00a0<\/td>\n<\/tr>\n<\/tbody>\n<\/table>\n<table>\n<tbody>\n<tr>\n<td><span style=\"text-decoration: underline;\">Individual member<\/span><br \/>Progressive annual fee between CHF 25 and CHF 250 based on the GDP of the member&#8217;s country of residence.<br \/>Artist, collector, curator, writer, cultural ambassador, gallerist, restorer, educator<\/td>\n<td>\n<p><span style=\"text-decoration: underline;\">Affiliate member<\/span><br \/>Progressive annual fee between CHF 50 and CHF 2000 based on the GDP of the member&#8217;s country of residence and the institution&#8217;s operational budget.<br \/>Association, ceramic centre, school, publication, foundation, museum, gallery<\/p>\n<\/td>\n<\/tr>\n<\/tbody>\n<\/table>\n<p>&nbsp;<\/p>\n<table>\n<tbody>\n<tr>\n<td><span style=\"text-decoration: underline;\">Individual member &#8211; Senior<\/span><br \/>Annual fee reduced by 50% of the standard yearly fee.<br \/>Individual members who have reached the age of 75 years <span style=\"text-decoration: underline;\">and<\/span> have been members of the IAC for at least 30 years are eligible for a reduced membership fee by 50%. The office informs members that they qualify for senior status. Members have to confirm their wish to enjoy a senior member membership fee. Senior members maintain all their rights and privileges of the individual membership.\u00a0<br \/>Members who have reached 70 years of age and are living on a low income can also request a senior membership (fee reduced by 50%). Written requests must be sent to the Secretariat and will be reviewed and determined by the Executive Committee.<\/td>\n<td>\u00a0<\/td>\n<\/tr>\n<\/tbody>\n<\/table>\n<p>&nbsp;<\/p>\n<table>\n<tbody>\n<tr>\n<td><span style=\"text-decoration: underline;\">Special Consideration Status<\/span><br \/>In cases of financial hardship, any member can request special consideration in order to pay a third of the annual membership fee (CHF 50). Such a request is to be made in writing to the Secretariat. The decision to award this status is taken by the Executive Committee and the status can be held for a period of three years.<\/td>\n<td>\u00a0<\/td>\n<\/tr>\n<\/tbody>\n<\/table>\n<p>&nbsp;<\/p>\n<table>\n<tbody>\n<tr>\n<td><span style=\"text-decoration: underline;\">Loss of Membership\u00a0<\/span> <br \/>In the absence of payment of the annual fee within 1 month after the sending of a 2nd reminder, the member loses his\/her member rights until payment of outstanding fees is received.\u00a0<br \/>At the beginning of the following year, the member will receive a final request for fee payment, asking him\/her to pay the fees for the previous and current years, and informing him\/her of the possibility to request Special Consideration (SC) status or a payment arrangement.\u00a0<br \/>If no payment is made within 1 month of the final request for fees, the Member is excluded.<\/td>\n<td>\u00a0<\/td>\n<\/tr>\n<\/tbody>\n<\/table>\n<p>&nbsp;<\/p>\n","protected":false,"raw":"<table>\r\n<tbody>\r\n<tr>\r\n<td><img class=\"alignnone wp-image-17965 size-large\" src=\"https:\/\/www.aic-iac.org\/wp-content\/uploads\/Detail02-940x705.jpg\" alt=\"Detail02\" width=\"940\" height=\"705\" \/><\/td>\r\n<\/tr>\r\n<\/tbody>\r\n<\/table>\r\n<table style=\"height: 116px;\" width=\"618\">\r\n<tbody>\r\n<tr>\r\n<td>Your active membership and interest enables the Academy to bring together an international community of members and to work for the promotion of ceramics throughout the world. Your contributions are essential to the development of the IAC.\r\n<table style=\"height: 23px;\">\r\n<tbody>\r\n<tr style=\"height: 23px;\">\r\n<td style=\"height: 23px; width: 240px;\">\u00a0<\/td>\r\n<\/tr>\r\n<\/tbody>\r\n<\/table>\r\n<\/td>\r\n<td>\u00a0<\/td>\r\n<\/tr>\r\n<\/tbody>\r\n<\/table>\r\n<table>\r\n<tbody>\r\n<tr>\r\n<td><span style=\"text-decoration: underline;\">Individual member<\/span><br \/>Progressive annual fee between CHF 25 and CHF 250 based on the GDP of the member's country of residence.<br \/>Artist, collector, curator, writer, cultural ambassador, gallerist, restorer, educator<\/td>\r\n<td>\r\n<p><span style=\"text-decoration: underline;\">Affiliate member<\/span><br \/>Progressive annual fee between CHF 50 and CHF 2000 based on the GDP of the member's country of residence and the institution's operational budget.<br \/>Association, ceramic centre, school, publication, foundation, museum, gallery<\/p>\r\n<\/td>\r\n<\/tr>\r\n<\/tbody>\r\n<\/table>\r\n<p>&nbsp;<\/p>\r\n<table>\r\n<tbody>\r\n<tr>\r\n<td><span style=\"text-decoration: underline;\">Individual member - Senior<\/span><br \/>Annual fee reduced by 50% of the standard yearly fee.<br \/>Individual members who have reached the age of 75 years <span style=\"text-decoration: underline;\">and<\/span> have been members of the IAC for at least 30 years are eligible for a reduced membership fee by 50%. The office informs members that they qualify for senior status. Members have to confirm their wish to enjoy a senior member membership fee. Senior members maintain all their rights and privileges of the individual membership.\u00a0<br \/>Members who have reached 70 years of age and are living on a low income can also request a senior membership (fee reduced by 50%). Written requests must be sent to the Secretariat and will be reviewed and determined by the Executive Committee.<\/td>\r\n<td>\u00a0<\/td>\r\n<\/tr>\r\n<\/tbody>\r\n<\/table>\r\n<p>&nbsp;<\/p>\r\n<table>\r\n<tbody>\r\n<tr>\r\n<td><span style=\"text-decoration: underline;\">Special Consideration Status<\/span><br \/>In cases of financial hardship, any member can request special consideration in order to pay a third of the annual membership fee (CHF 50). Such a request is to be made in writing to the Secretariat. The decision to award this status is taken by the Executive Committee and the status can be held for a period of three years.<\/td>\r\n<td>\u00a0<\/td>\r\n<\/tr>\r\n<\/tbody>\r\n<\/table>\r\n<p>&nbsp;<\/p>\r\n<table>\r\n<tbody>\r\n<tr>\r\n<td><span style=\"text-decoration: underline;\">Loss of Membership\u00a0<\/span> <br \/>In the absence of payment of the annual fee within 1 month after the sending of a 2nd reminder, the member loses his\/her member rights until payment of outstanding fees is received.\u00a0<br \/>At the beginning of the following year, the member will receive a final request for fee payment, asking him\/her to pay the fees for the previous and current years, and informing him\/her of the possibility to request Special Consideration (SC) status or a payment arrangement.\u00a0<br \/>If no payment is made within 1 month of the final request for fees, the Member is excluded.<\/td>\r\n<td>\u00a0<\/td>\r\n<\/tr>\r\n<\/tbody>\r\n<\/table>\r\n<p>&nbsp;<\/p>"},"excerpt":{"rendered":"<p>Your contributions are essential to the development of the IAC.<\/p>\n","protected":false,"raw":"Your contributions are essential to the development of the IAC."},"author":4,"featured_media":17965,"parent":8,"menu_order":0,"comment_status":"closed","ping_status":"closed","template":"","meta":{"_fr_post_content":"<table>\r\n<tbody>\r\n<tr>\r\n<td><img class=\"alignnone wp-image-17965 size-large\" src=\"https:\/\/www.aic-iac.org\/wp-content\/uploads\/Detail02-940x705.jpg\" alt=\"Detail02\" width=\"940\" height=\"705\" \/><\/td>\r\n<\/tr>\r\n<\/tbody>\r\n<\/table>\r\n<table style=\"height: 116px;\" width=\"618\">\r\n<tbody>\r\n<tr>\r\n<td>Votre adh\u00e9sion active et votre int\u00e9r\u00eat permet \u00e0 l\u2019Acad\u00e9mie de r\u00e9unir une communaut\u00e9 internationale de membres et d\u2019\u0153uvrer pour la promotion de la c\u00e9ramique partout dans le monde. Vos contributions sont essentielles \u00e0 l\u2019\u00e9panouissement de l\u2019AIC. \u00a0\r\n<table>\r\n<tbody>\r\n<tr>\r\n<td>\u00a0<\/td>\r\n<\/tr>\r\n<\/tbody>\r\n<\/table>\r\n<\/td>\r\n<td>\u00a0<\/td>\r\n<\/tr>\r\n<\/tbody>\r\n<\/table>\r\n<table>\r\n<tbody>\r\n<tr>\r\n<td><span style=\"text-decoration: underline;\">Membre individuel\u00a0<\/span><br \/>Cotisation progressive entre CHF 25 et CHF 250 selon le PIB du pays de r\u00e9sidence. <br \/>Artiste, collectionneur, conservateur, \u00e9crivain, ambassadeur culturel, galeriste, restaurateur, enseignant<\/td>\r\n<td><span style=\"text-decoration: underline;\">Membre collectif\u00a0<\/span><br \/>Cotisation annuelle progressive entre CHF 50 et CHF 200 selon le PIB du pays de r\u00e9sidence et le budget op\u00e9rationnel de l'institution.<br \/>Association professionnelle, centre c\u00e9ramique, mus\u00e9e, \u00e9cole, \u00e9diteur, fondation galerie associative<\/td>\r\n<\/tr>\r\n<\/tbody>\r\n<\/table>\r\n<p>&nbsp;<\/p>\r\n<table>\r\n<tbody>\r\n<tr>\r\n<td>\r\n<p><span style=\"text-decoration: underline;\">Membre individuel Senior<\/span><br \/>Cotisation annuelle r\u00e9duite de 50% de la cotisation annuelle standard.<br \/>Un membre individuel qui a atteint l'\u00e2ge de 75 ans <span style=\"text-decoration: underline;\">et<\/span> qui a \u00e9t\u00e9 membre de l\u2019AIC depuis au moins 30 ans peut pr\u00e9tendre \u00e0 une cotisation r\u00e9duite de 50%. Le Bureau informe les membres qui peuvent b\u00e9n\u00e9ficier de ce statut. Les membres doivent confirmer leur souhait de b\u00e9n\u00e9ficier d'une cotisation de membre senior. Un membre senior conserve les droits et privil\u00e8ges du membre individuel. <br \/>En cas de petite retraite, un membre ayant atteint l'\u00e2ge de 70 ans peut demander une cotisation senior (r\u00e9duction de -50%). Cette demande doit \u00eatre faite par \u00e9crit au Secr\u00e9tariat et approuv\u00e9 par le Comit\u00e9 Ex\u00e9cutif.<\/p>\r\n<\/td>\r\n<td>\u00a0<\/td>\r\n<\/tr>\r\n<\/tbody>\r\n<\/table>\r\n<p>&nbsp;<\/p>\r\n<table>\r\n<tbody>\r\n<tr>\r\n<td><span style=\"text-decoration: underline;\">Consid\u00e9ration sp\u00e9ciale<\/span>\u00a0<br \/>En cas de difficult\u00e9s financi\u00e8res, un membre peut faire une demande de consid\u00e9ration sp\u00e9ciale, afin de payer un tiers seulement de la cotisation annuelle soit (CHF 50.-). Cette demande doit \u00eatre r\u00e9dig\u00e9e \u00e0 l\u2019attention du Secr\u00e9tariat. La d\u00e9cision est prise par le Comit\u00e9 Ex\u00e9cutif pour une p\u00e9riode de trois ans.<\/td>\r\n<td>\u00a0<\/td>\r\n<\/tr>\r\n<\/tbody>\r\n<\/table>\r\n<p>&nbsp;<\/p>\r\n<table>\r\n<tbody>\r\n<tr>\r\n<td>\r\n<p><span style=\"text-decoration: underline;\">Perte de la qualit\u00e9 de membre<\/span>\u00a0<br \/>En l'absence de paiement de sa cotisation annuelle dans le mois qui suit l\u2019envoi du 2\u00e8me rappel, le\/la membre est d\u00e9chu.e de ses droits de membre jusqu\u2019\u00e0 r\u00e9ception\u00a0de leur solde d\u00fb.<br \/>En d\u00e9but d\u2019ann\u00e9e suivante, le\/la membre re\u00e7oit un dernier avis de paiement l\u2019invitant \u00e0 r\u00e9gler ses cotisations de l\u2019ann\u00e9e pr\u00e9c\u00e9dente et de l\u2019ann\u00e9e en cours et l\u2019informant de la possibilit\u00e9 de demander le statut Consid\u00e9ration sp\u00e9ciale ou un arrangement de paiement.<br \/>En l\u2019absence de paiement dans le mois qui suit l\u2019envoi de ce dernier avis, le\/la membre est exclu.e.<\/p>\r\n<\/td>\r\n<td>\u00a0 \u00a0<\/td>\r\n<\/tr>\r\n<\/tbody>\r\n<\/table>\r\n<p>&nbsp;<\/p>","_fr_post_name":"cotisation","_fr_post_excerpt":"Vos contributions sont essentielles \u00e0 l\u2019\u00e9panouissement de l\u2019AIC.","_fr_post_title":"Cotisation","_en_post_content":"<table>\r\n<tbody>\r\n<tr>\r\n<td><img class=\"alignnone wp-image-17965 size-large\" src=\"https:\/\/www.aic-iac.org\/wp-content\/uploads\/Detail02-940x705.jpg\" alt=\"Detail02\" width=\"940\" height=\"705\" \/><\/td>\r\n<\/tr>\r\n<\/tbody>\r\n<\/table>\r\n<table style=\"height: 116px;\" width=\"618\">\r\n<tbody>\r\n<tr>\r\n<td>Your active membership and interest enables the Academy to bring together an international community of members and to work for the promotion of ceramics throughout the world. Your contributions are essential to the development of the IAC.\r\n<table style=\"height: 23px;\">\r\n<tbody>\r\n<tr style=\"height: 23px;\">\r\n<td style=\"height: 23px; width: 240px;\">\u00a0<\/td>\r\n<\/tr>\r\n<\/tbody>\r\n<\/table>\r\n<\/td>\r\n<td>\u00a0<\/td>\r\n<\/tr>\r\n<\/tbody>\r\n<\/table>\r\n<table>\r\n<tbody>\r\n<tr>\r\n<td><span style=\"text-decoration: underline;\">Individual member<\/span><br \/>Progressive annual fee between CHF 25 and CHF 250 based on the GDP of the member's country of residence.<br \/>Artist, collector, curator, writer, cultural ambassador, gallerist, restorer, educator<\/td>\r\n<td>\r\n<p><span style=\"text-decoration: underline;\">Affiliate member<\/span><br \/>Progressive annual fee between CHF 50 and CHF 2000 based on the GDP of the member's country of residence and the institution's operational budget.<br \/>Association, ceramic centre, school, publication, foundation, museum, gallery<\/p>\r\n<\/td>\r\n<\/tr>\r\n<\/tbody>\r\n<\/table>\r\n<p>&nbsp;<\/p>\r\n<table>\r\n<tbody>\r\n<tr>\r\n<td><span style=\"text-decoration: underline;\">Individual member - Senior<\/span><br \/>Annual fee reduced by 50% of the standard yearly fee.<br \/>Individual members who have reached the age of 75 years <span style=\"text-decoration: underline;\">and<\/span> have been members of the IAC for at least 30 years are eligible for a reduced membership fee by 50%. The office informs members that they qualify for senior status. Members have to confirm their wish to enjoy a senior member membership fee. Senior members maintain all their rights and privileges of the individual membership.\u00a0<br \/>Members who have reached 70 years of age and are living on a low income can also request a senior membership (fee reduced by 50%). Written requests must be sent to the Secretariat and will be reviewed and determined by the Executive Committee.<\/td>\r\n<td>\u00a0<\/td>\r\n<\/tr>\r\n<\/tbody>\r\n<\/table>\r\n<p>&nbsp;<\/p>\r\n<table>\r\n<tbody>\r\n<tr>\r\n<td><span style=\"text-decoration: underline;\">Special Consideration Status<\/span><br \/>In cases of financial hardship, any member can request special consideration in order to pay a third of the annual membership fee (CHF 50). Such a request is to be made in writing to the Secretariat. The decision to award this status is taken by the Executive Committee and the status can be held for a period of three years.<\/td>\r\n<td>\u00a0<\/td>\r\n<\/tr>\r\n<\/tbody>\r\n<\/table>\r\n<p>&nbsp;<\/p>\r\n<table>\r\n<tbody>\r\n<tr>\r\n<td><span style=\"text-decoration: underline;\">Loss of Membership\u00a0<\/span> <br \/>In the absence of payment of the annual fee within 1 month after the sending of a 2nd reminder, the member loses his\/her member rights until payment of outstanding fees is received.\u00a0<br \/>At the beginning of the following year, the member will receive a final request for fee payment, asking him\/her to pay the fees for the previous and current years, and informing him\/her of the possibility to request Special Consideration (SC) status or a payment arrangement.\u00a0<br \/>If no payment is made within 1 month of the final request for fees, the Member is excluded.<\/td>\r\n<td>\u00a0<\/td>\r\n<\/tr>\r\n<\/tbody>\r\n<\/table>\r\n<p>&nbsp;<\/p>","_en_post_name":"cotisation","_en_post_excerpt":"Your contributions are essential to the development of the IAC.","_en_post_title":"Member fee","_ja_post_content":"","_ja_post_name":"","_ja_post_excerpt":"","_ja_post_title":"","_zh_post_content":"","_zh_post_name":"","_zh_post_excerpt":"","_zh_post_title":"","_es_post_content":"","_es_post_name":"cotisation","_es_post_excerpt":"","_es_post_title":"","edit_language":"en"},"class_list":["post-9949","page","type-page","status-publish","has-post-thumbnail","hentry"],"_links":{"self":[{"href":"https:\/\/dev2024.aic-iac.org\/en\/wp-json\/wp\/v2\/pages\/9949"}],"collection":[{"href":"https:\/\/dev2024.aic-iac.org\/en\/wp-json\/wp\/v2\/pages"}],"about":[{"href":"https:\/\/dev2024.aic-iac.org\/en\/wp-json\/wp\/v2\/types\/page"}],"author":[{"embeddable":true,"href":"https:\/\/dev2024.aic-iac.org\/en\/wp-json\/wp\/v2\/users\/4"}],"replies":[{"embeddable":true,"href":"https:\/\/dev2024.aic-iac.org\/en\/wp-json\/wp\/v2\/comments?post=9949"}],"version-history":[{"count":92,"href":"https:\/\/dev2024.aic-iac.org\/en\/wp-json\/wp\/v2\/pages\/9949\/revisions"}],"predecessor-version":[{"id":70423,"href":"https:\/\/dev2024.aic-iac.org\/en\/wp-json\/wp\/v2\/pages\/9949\/revisions\/70423"}],"up":[{"embeddable":true,"href":"https:\/\/dev2024.aic-iac.org\/en\/wp-json\/wp\/v2\/pages\/8"}],"wp:featuredmedia":[{"embeddable":true,"href":"https:\/\/dev2024.aic-iac.org\/en\/wp-json\/wp\/v2\/media\/17965"}],"wp:attachment":[{"href":"https:\/\/dev2024.aic-iac.org\/en\/wp-json\/wp\/v2\/media?parent=9949"}],"curies":[{"name":"wp","href":"https:\/\/api.w.org\/{rel}","templated":true}]}}