{"id":21174,"date":"2015-07-21T15:27:26","date_gmt":"2015-07-21T15:27:26","guid":{"rendered":"http:\/\/www.aic-iac.org\/?page_id=21174"},"modified":"2023-04-26T09:56:59","modified_gmt":"2023-04-26T09:56:59","slug":"exposition-documentaire-ceramique","status":"publish","type":"page","link":"https:\/\/dev2024.aic-iac.org\/en\/exposition-documentaire-ceramique\/","title":{"rendered":"The Documentary Exhibition of International Ceramics: Art Exchanges","raw":"The Documentary Exhibition of International Ceramics: Art Exchanges"},"content":{"rendered":"<table>\n<tbody>\n<tr>\n<td colspan=\"2\">\n<div id=\"attachment_21183\" style=\"width: 810px\" class=\"wp-caption alignnone\"><img loading=\"lazy\" decoding=\"async\" aria-describedby=\"caption-attachment-21183\" class=\"wp-image-21183 size-full\" src=\"https:\/\/www.aic-iac.org\/wp-content\/uploads\/mmexport1436926944973.jpg\" alt=\"mmexport1436926944973\" width=\"800\" height=\"564\" srcset=\"https:\/\/dev2024.aic-iac.org\/wp-content\/uploads\/mmexport1436926944973.jpg 800w, https:\/\/dev2024.aic-iac.org\/wp-content\/uploads\/mmexport1436926944973-300x212.jpg 300w\" sizes=\"(max-width: 800px) 100vw, 800px\" \/><p id=\"caption-attachment-21183\" class=\"wp-caption-text\"><a href=\"https:\/\/www.aic-iac.org\/wp-content\/uploads\/mmexport1437117185382.jpg\">Exhibition flyer <\/a><\/p><\/div>\n<\/td>\n<\/tr>\n<tr>\n<td>\n<p>The 5th International NGO-UNESCO\u00a0Forum\u00a0will be held on July 27- 28, in Beijing, China,\u00a0on the main topic:\u00a0&#8220;Rapprochement of Cultures&#8221;. We are pleased to inform you that the IAC will take part in this\u00a0Forum\u00a0developed\u00a0by the NGO-UNESCO Liaison Committee.\u00a0<\/p>\n<p>The International Academy of Ceramics in collaboration with Guozhong Ceramic Art Center is organizing &#8220;The Documentary Exhibition of International Ceramics : Art Exchanges&#8221;\u00a0and\u00a0develops the concept of UNESCO\u00a0&#8220;One Humanity Beyond Diversity&#8221;.<\/p>\n<\/td>\n<td>\n<p><strong>Opening:<\/strong> 2 pm, 29 July, 2015<br \/><strong>Dates:<\/strong> 29 July \u201311 August, 2015<br \/><strong>Address:<\/strong> 100 Dongsishitiao, Dongcheng Distract, Beijing, China<\/p>\n<p>&nbsp;<\/p>\n<p><span class=\"caption\">Project coordinators : Guangzhen Zhou,\u00a0St\u00e9phanie Le Follic-Hadida, Jacques Kaufmann<br \/>Support form: China Ceramic Industry Association<br \/>Thanks to: Huang Chunmao and Xiao Wei<\/span><\/p>\n<\/td>\n<\/tr>\n<tr>\n<td>\u00a0<\/td>\n<td>\u00a0<\/td>\n<\/tr>\n<tr>\n<td>\u00a0<\/td>\n<td>\u00a0<\/td>\n<\/tr>\n<tr>\n<td>\n<p>We would like to thank our members for their contributions to this event and we are pleased to announce the names of the participants:<\/p>\n<p>IAC Artists:<br \/>Lu Bin<br \/>Huang Chunmao<br \/>Zhou Dingfang<br \/>David Furman<br \/>Xu Hongbo<br \/>Ichi Hsu<br \/>Agnes Husz\u00a0<br \/>Wayne Hygby<br \/>Yanze Jiang<br \/>Itsue Ito<br \/>Jacques Kaufmann<br \/>Torbj\u00f8rn Kvasb\u00f8<br \/>Jackson Li<br \/>Martin Mc William\u00a0<br \/>Bai Ming<br \/>Michael Moore\u00a0<br \/>Monika Jeannette Schoedel-Mueller <br \/>Werner Bernhard Nowka<br \/>Graciela Oli0<br \/>Margaret O&#8217;Rorke<br \/>Martha Pachon Rodriguez<br \/>Gustavo Perez<br \/>\u00a0Lv Pinchang<br \/>Claude Presset<br \/>Judith Schwartz<br \/>Mitsuo Shoji<br \/>Anthony Edwin Stellaccio<br \/>Xavier Toubes<\/p>\n<p>&nbsp;<\/p>\n<\/td>\n<td>\n<div id=\"attachment_21188\" style=\"width: 810px\" class=\"wp-caption alignnone\"><a href=\"https:\/\/www.aic-iac.org\/wp-content\/uploads\/mmexport1437095521242.jpg\"><img loading=\"lazy\" decoding=\"async\" aria-describedby=\"caption-attachment-21188\" class=\"wp-image-21188 size-full\" src=\"https:\/\/www.aic-iac.org\/wp-content\/uploads\/mmexport1437095521242.jpg\" alt=\"mmexport1437095521242\" width=\"800\" height=\"565\" srcset=\"https:\/\/dev2024.aic-iac.org\/wp-content\/uploads\/mmexport1437095521242.jpg 800w, https:\/\/dev2024.aic-iac.org\/wp-content\/uploads\/mmexport1437095521242-300x212.jpg 300w\" sizes=\"(max-width: 800px) 100vw, 800px\" \/><\/a><p id=\"caption-attachment-21188\" class=\"wp-caption-text\"><a href=\"https:\/\/www.aic-iac.org\/wp-content\/uploads\/mmexport1437116774006.jpg\">Exhibition flyer<\/a><\/p><\/div><\/p>\n<p>Vilma Vilaverde<br \/>Carlos Vives Mateu<br \/>Shi Xiaoming<br \/>Jiang Yanze<br \/>Zuo Zhengyao<br \/>Jin Zhenhua<br \/>Guangzhen Zhou\u00a0<br \/>UiTM Faculty of Art Design<\/p>\n<p>Artists invited:<br \/>Marty Gross project in collaboration with Judith Schwartz and Susan Jefferies<br \/>Hsieh Chia-Heng<br \/>Wu Haoyu<br \/>Zhu Legeng<br \/>Wu Ming<br \/>An Ran<br \/>Xu Runhui<br \/>Chen Shuo<\/p>\n<\/td>\n<\/tr>\n<\/tbody>\n<\/table>\n<p>&nbsp;<\/p>\n","protected":false,"raw":"<table>\r\n<tbody>\r\n<tr>\r\n<td colspan=\"2\">\r\n[caption id=\"attachment_21183\" align=\"alignnone\" width=\"800\"]<img class=\"wp-image-21183 size-full\" src=\"https:\/\/www.aic-iac.org\/wp-content\/uploads\/mmexport1436926944973.jpg\" alt=\"mmexport1436926944973\" width=\"800\" height=\"564\" \/> <a href=\"https:\/\/www.aic-iac.org\/wp-content\/uploads\/mmexport1437117185382.jpg\">Exhibition flyer <\/a>[\/caption]\r\n<\/td>\r\n<\/tr>\r\n<tr>\r\n<td>\r\n<p>The 5th International NGO-UNESCO\u00a0Forum\u00a0will be held on July 27- 28, in Beijing, China,\u00a0on the main topic:\u00a0\"Rapprochement of Cultures\". We are pleased to inform you that the IAC will take part in this\u00a0Forum\u00a0developed\u00a0by the NGO-UNESCO Liaison Committee.\u00a0<\/p>\r\n<p>The International Academy of Ceramics in collaboration with Guozhong Ceramic Art Center is organizing \"The Documentary Exhibition of International Ceramics : Art Exchanges\"\u00a0and\u00a0develops the concept of UNESCO\u00a0\"One Humanity Beyond Diversity\".<\/p>\r\n<\/td>\r\n<td>\r\n<p><strong>Opening:<\/strong> 2 pm, 29 July, 2015<br \/><strong>Dates:<\/strong> 29 July \u201311 August, 2015<br \/><strong>Address:<\/strong> 100 Dongsishitiao, Dongcheng Distract, Beijing, China<\/p>\r\n<p>&nbsp;<\/p>\r\n<p><span class=\"caption\">Project coordinators : Guangzhen Zhou,\u00a0St\u00e9phanie Le Follic-Hadida, Jacques Kaufmann<br \/>Support form: China Ceramic Industry Association<br \/>Thanks to: Huang Chunmao and Xiao Wei<\/span><\/p>\r\n<\/td>\r\n<\/tr>\r\n<tr>\r\n<td>\u00a0<\/td>\r\n<td>\u00a0<\/td>\r\n<\/tr>\r\n<tr>\r\n<td>\u00a0<\/td>\r\n<td>\u00a0<\/td>\r\n<\/tr>\r\n<tr>\r\n<td>\r\n<p>We would like to thank our members for their contributions to this event and we are pleased to announce the names of the participants:<\/p>\r\n<p>IAC Artists:<br \/>Lu Bin<br \/>Huang Chunmao<br \/>Zhou Dingfang<br \/>David Furman<br \/>Xu Hongbo<br \/>Ichi Hsu<br \/>Agnes Husz\u00a0<br \/>Wayne Hygby<br \/>Yanze Jiang<br \/>Itsue Ito<br \/>Jacques Kaufmann<br \/>Torbj\u00f8rn Kvasb\u00f8<br \/>Jackson Li<br \/>Martin Mc William\u00a0<br \/>Bai Ming<br \/>Michael Moore\u00a0<br \/>Monika Jeannette Schoedel-Mueller <br \/>Werner Bernhard Nowka<br \/>Graciela Oli0<br \/>Margaret O'Rorke<br \/>Martha Pachon Rodriguez<br \/>Gustavo Perez<br \/>\u00a0Lv Pinchang<br \/>Claude Presset<br \/>Judith Schwartz<br \/>Mitsuo Shoji<br \/>Anthony Edwin Stellaccio<br \/>Xavier Toubes<\/p>\r\n<p>&nbsp;<\/p>\r\n<\/td>\r\n<td>\r\n[caption id=\"attachment_21188\" align=\"alignnone\" width=\"800\"]<a href=\"https:\/\/www.aic-iac.org\/wp-content\/uploads\/mmexport1437095521242.jpg\"><img class=\"wp-image-21188 size-full\" src=\"https:\/\/www.aic-iac.org\/wp-content\/uploads\/mmexport1437095521242.jpg\" alt=\"mmexport1437095521242\" width=\"800\" height=\"565\" \/><\/a> <a href=\"https:\/\/www.aic-iac.org\/wp-content\/uploads\/mmexport1437116774006.jpg\">Exhibition flyer<\/a>[\/caption]\r\n<p>Vilma Vilaverde<br \/>Carlos Vives Mateu<br \/>Shi Xiaoming<br \/>Jiang Yanze<br \/>Zuo Zhengyao<br \/>Jin Zhenhua<br \/>Guangzhen Zhou\u00a0<br \/>UiTM Faculty of Art Design<\/p>\r\n<p>Artists invited:<br \/>Marty Gross project in collaboration with Judith Schwartz and Susan Jefferies<br \/>Hsieh Chia-Heng<br \/>Wu Haoyu<br \/>Zhu Legeng<br \/>Wu Ming<br \/>An Ran<br \/>Xu Runhui<br \/>Chen Shuo<\/p>\r\n<\/td>\r\n<\/tr>\r\n<\/tbody>\r\n<\/table>\r\n<p>&nbsp;<\/p>"},"excerpt":{"rendered":"<p>Ceramics Documentary Exhibition, in the framework of the IAC partnership with UNESCO<\/p>\n","protected":false,"raw":"Ceramics Documentary Exhibition, in the framework of the IAC partnership with UNESCO"},"author":4,"featured_media":21183,"parent":0,"menu_order":29,"comment_status":"closed","ping_status":"closed","template":"","meta":{"_fr_post_content":"<table>\r\n<tbody>\r\n<tr>\r\n<td colspan=\"2\">\r\n[caption id=\"attachment_21183\" align=\"alignnone\" width=\"800\"]<img class=\"wp-image-21183 size-full\" src=\"https:\/\/www.aic-iac.org\/wp-content\/uploads\/mmexport1436926944973.jpg\" alt=\"mmexport1436926944973\" width=\"800\" height=\"564\" \/> <a href=\"https:\/\/www.aic-iac.org\/wp-content\/uploads\/mmexport1437117185382.jpg\">flyer de l'exposition<\/a>[\/caption]\r\n<\/td>\r\n<\/tr>\r\n<tr>\r\n<td>\r\n<p>Le 5e Forum international des ONG-UNESCO\u00a0aura lieu les 27 et 28 juillet prochain \u00e0 Beijing, en Chine, et aura pour th\u00e8me:\u00a0\"Rapprochement of Cultures\".\u00a0<\/p>\r\n<p>Nous avons le plaisir de vous informer que l\u2019AIC va prendre part \u00e0 ce Forum, d\u00e9velopp\u00e9 par le comit\u00e9 de liaison des ONG de l\u2019Unesco.<\/p>\r\n<p>L'Acad\u00e9mie Internationale de la C\u00e9ramique en collaboration avec Guozhong Ceramic Art Center organise: \"The Documentary Exhibition of International Ceramics: Art Exchanges\"\u00a0et\u00a0d\u00e9veloppe le concept de l\u2019Unesco:<\/p>\r\n<p>\"Une seule Humanit\u00e9, au-del\u00e0 des diversit\u00e9s\".<\/p>\r\n<\/td>\r\n<td>\r\n<p><strong>Vernissage:<\/strong> 29 juillet \u00e0 14h<br \/><strong>Date:<\/strong>\u00a0 du 29 juillet au 11 ao\u00fbt 2015<br \/><strong>Lieu:<\/strong> 100 Dongsishitiao, Dongcheng Distract, Beijing, China<\/p>\r\n<p><span class=\"caption\">Coordinateurs de projet\u00a0: Guangzhen Zhou,\u00a0St\u00e9phanie Le Follic-Hadida, Jacques Kaufmann<br \/>Avec le support de: China Ceramic Industry Association<br \/>Remerciement : Huang Chunmao et Xiao Wei<\/span><\/p>\r\n<\/td>\r\n<\/tr>\r\n<tr>\r\n<td>\u00a0<\/td>\r\n<td>\u00a0<\/td>\r\n<\/tr>\r\n<tr>\r\n<td>\u00a0<\/td>\r\n<td>\u00a0<\/td>\r\n<\/tr>\r\n<tr>\r\n<td>\r\n<p>Nous souhaitons remercier chaleureusement les membres pour leur contribution \u00e0 cet \u00e9v\u00e9nement et avons le plaisir de vous communiquer les noms des participants:<\/p>\r\n<p>Artistes AIC:<br \/>Lu Bin<br \/>Huang Chunmao<br \/>Zhou Dingfang<br \/>David Furman<br \/>Xu Hongbo<br \/>Ichi Hsu<br \/>Agnes Husz\u00a0<br \/>Wayne Hygby<br \/>Yanze Jiang<br \/>Itsue Ito<br \/>Jacques Kaufmann<br \/>Torbj\u00f8rn Kvasb\u00f8<br \/>Jackson Li<br \/>Martin Mc William\u00a0<br \/>Bai Ming<br \/>Michael Moore\u00a0<br \/>Monika Jeannette Schoedel-Mueller <br \/>Werner Bernhard Nowka<br \/>Graciela Oli0<br \/>Margaret O'Rorke<br \/>Martha Pachon Rodriguez<br \/>Gustavo Perez<br \/>\u00a0Lv Pinchang<br \/>Claude Presset<br \/>Judith Schwartz<br \/>Mitsuo Shoji<br \/>Anthony Edwin Stellaccio<\/p>\r\n<p>&nbsp;<\/p>\r\n<\/td>\r\n<td>\r\n[caption id=\"attachment_21188\" align=\"alignnone\" width=\"800\"]<a href=\"https:\/\/www.aic-iac.org\/wp-content\/uploads\/mmexport1437095521242.jpg\"><img class=\"wp-image-21188 size-full\" src=\"https:\/\/www.aic-iac.org\/wp-content\/uploads\/mmexport1437095521242.jpg\" alt=\"mmexport1437095521242\" width=\"800\" height=\"565\" \/><\/a> <a href=\"https:\/\/www.aic-iac.org\/wp-content\/uploads\/mmexport1437116774006.jpg\">flyer de l'exposition<\/a>[\/caption]\r\n<p>Xavier Toubes<br \/>Vilma Vilaverde<br \/>Carlos Vives Mateu<br \/>Shi Xiaoming<br \/>Jiang Yanze<br \/>Zuo Zhengyao<br \/>Jin Zhenhua<br \/>Guangzhen Zhou\u00a0<br \/>UiTM Faculty of Art Design<\/p>\r\n<p>Artistes invit\u00e9s:<br \/>Marty Gross projet en collaboration avec Judith Schwartz et Susan Jefferies<br \/>Hsieh Chia-Heng<br \/>Wu Haoyu<br \/>Zhu Legeng<br \/>Wu Ming<br \/>An Ran<br \/>Xu Runhui<br \/>Chen Shuo<\/p>\r\n<\/td>\r\n<\/tr>\r\n<tr>\r\n<td>\u00a0<\/td>\r\n<td>\u00a0<\/td>\r\n<\/tr>\r\n<\/tbody>\r\n<\/table>\r\n<p>&nbsp;<\/p>","_fr_post_name":"exposition-documentaire-ceramique","_fr_post_excerpt":"Exposition Documentaire C\u00e9ramique, dans le cadre du partenariat AIC aupr\u00e8s de l\u2019UNESCO","_fr_post_title":"Exposition Documentaire C\u00e9ramique","_en_post_content":"<table>\r\n<tbody>\r\n<tr>\r\n<td colspan=\"2\">\r\n[caption id=\"attachment_21183\" align=\"alignnone\" width=\"800\"]<img class=\"wp-image-21183 size-full\" src=\"https:\/\/www.aic-iac.org\/wp-content\/uploads\/mmexport1436926944973.jpg\" alt=\"mmexport1436926944973\" width=\"800\" height=\"564\" \/> <a href=\"https:\/\/www.aic-iac.org\/wp-content\/uploads\/mmexport1437117185382.jpg\">Exhibition flyer <\/a>[\/caption]\r\n<\/td>\r\n<\/tr>\r\n<tr>\r\n<td>\r\n<p>The 5th International NGO-UNESCO\u00a0Forum\u00a0will be held on July 27- 28, in Beijing, China,\u00a0on the main topic:\u00a0\"Rapprochement of Cultures\". We are pleased to inform you that the IAC will take part in this\u00a0Forum\u00a0developed\u00a0by the NGO-UNESCO Liaison Committee.\u00a0<\/p>\r\n<p>The International Academy of Ceramics in collaboration with Guozhong Ceramic Art Center is organizing \"The Documentary Exhibition of International Ceramics : Art Exchanges\"\u00a0and\u00a0develops the concept of UNESCO\u00a0\"One Humanity Beyond Diversity\".<\/p>\r\n<\/td>\r\n<td>\r\n<p><strong>Opening:<\/strong> 2 pm, 29 July, 2015<br \/><strong>Dates:<\/strong> 29 July \u201311 August, 2015<br \/><strong>Address:<\/strong> 100 Dongsishitiao, Dongcheng Distract, Beijing, China<\/p>\r\n<p>&nbsp;<\/p>\r\n<p><span class=\"caption\">Project coordinators : Guangzhen Zhou,\u00a0St\u00e9phanie Le Follic-Hadida, Jacques Kaufmann<br \/>Support form: China Ceramic Industry Association<br \/>Thanks to: Huang Chunmao and Xiao Wei<\/span><\/p>\r\n<\/td>\r\n<\/tr>\r\n<tr>\r\n<td>\u00a0<\/td>\r\n<td>\u00a0<\/td>\r\n<\/tr>\r\n<tr>\r\n<td>\u00a0<\/td>\r\n<td>\u00a0<\/td>\r\n<\/tr>\r\n<tr>\r\n<td>\r\n<p>We would like to thank our members for their contributions to this event and we are pleased to announce the names of the participants:<\/p>\r\n<p>IAC Artists:<br \/>Lu Bin<br \/>Huang Chunmao<br \/>Zhou Dingfang<br \/>David Furman<br \/>Xu Hongbo<br \/>Ichi Hsu<br \/>Agnes Husz\u00a0<br \/>Wayne Hygby<br \/>Yanze Jiang<br \/>Itsue Ito<br \/>Jacques Kaufmann<br \/>Torbj\u00f8rn Kvasb\u00f8<br \/>Jackson Li<br \/>Martin Mc William\u00a0<br \/>Bai Ming<br \/>Michael Moore\u00a0<br \/>Monika Jeannette Schoedel-Mueller <br \/>Werner Bernhard Nowka<br \/>Graciela Oli0<br \/>Margaret O'Rorke<br \/>Martha Pachon Rodriguez<br \/>Gustavo Perez<br \/>\u00a0Lv Pinchang<br \/>Claude Presset<br \/>Judith Schwartz<br \/>Mitsuo Shoji<br \/>Anthony Edwin Stellaccio<br \/>Xavier Toubes<\/p>\r\n<p>&nbsp;<\/p>\r\n<\/td>\r\n<td>\r\n[caption id=\"attachment_21188\" align=\"alignnone\" width=\"800\"]<a href=\"https:\/\/www.aic-iac.org\/wp-content\/uploads\/mmexport1437095521242.jpg\"><img class=\"wp-image-21188 size-full\" src=\"https:\/\/www.aic-iac.org\/wp-content\/uploads\/mmexport1437095521242.jpg\" alt=\"mmexport1437095521242\" width=\"800\" height=\"565\" \/><\/a> <a href=\"https:\/\/www.aic-iac.org\/wp-content\/uploads\/mmexport1437116774006.jpg\">Exhibition flyer<\/a>[\/caption]\r\n<p>Vilma Vilaverde<br \/>Carlos Vives Mateu<br \/>Shi Xiaoming<br \/>Jiang Yanze<br \/>Zuo Zhengyao<br \/>Jin Zhenhua<br \/>Guangzhen Zhou\u00a0<br \/>UiTM Faculty of Art Design<\/p>\r\n<p>Artists invited:<br \/>Marty Gross project in collaboration with Judith Schwartz and Susan Jefferies<br \/>Hsieh Chia-Heng<br \/>Wu Haoyu<br \/>Zhu Legeng<br \/>Wu Ming<br \/>An Ran<br \/>Xu Runhui<br \/>Chen Shuo<\/p>\r\n<\/td>\r\n<\/tr>\r\n<\/tbody>\r\n<\/table>\r\n<p>&nbsp;<\/p>","_en_post_name":"exposition-documentaire-ceramique","_en_post_excerpt":"Ceramics Documentary Exhibition, in the framework of the IAC partnership with UNESCO","_en_post_title":"The Documentary Exhibition of International Ceramics: Art Exchanges","_ja_post_content":"","_ja_post_name":"","_ja_post_excerpt":"","_ja_post_title":"","_zh_post_content":"","_zh_post_name":"","_zh_post_excerpt":"","_zh_post_title":"","_es_post_content":"","_es_post_name":"","_es_post_excerpt":"","_es_post_title":"","edit_language":"en"},"class_list":["post-21174","page","type-page","status-publish","has-post-thumbnail","hentry"],"_links":{"self":[{"href":"https:\/\/dev2024.aic-iac.org\/en\/wp-json\/wp\/v2\/pages\/21174"}],"collection":[{"href":"https:\/\/dev2024.aic-iac.org\/en\/wp-json\/wp\/v2\/pages"}],"about":[{"href":"https:\/\/dev2024.aic-iac.org\/en\/wp-json\/wp\/v2\/types\/page"}],"author":[{"embeddable":true,"href":"https:\/\/dev2024.aic-iac.org\/en\/wp-json\/wp\/v2\/users\/4"}],"replies":[{"embeddable":true,"href":"https:\/\/dev2024.aic-iac.org\/en\/wp-json\/wp\/v2\/comments?post=21174"}],"version-history":[{"count":54,"href":"https:\/\/dev2024.aic-iac.org\/en\/wp-json\/wp\/v2\/pages\/21174\/revisions"}],"predecessor-version":[{"id":21234,"href":"https:\/\/dev2024.aic-iac.org\/en\/wp-json\/wp\/v2\/pages\/21174\/revisions\/21234"}],"wp:featuredmedia":[{"embeddable":true,"href":"https:\/\/dev2024.aic-iac.org\/en\/wp-json\/wp\/v2\/media\/21183"}],"wp:attachment":[{"href":"https:\/\/dev2024.aic-iac.org\/en\/wp-json\/wp\/v2\/media?parent=21174"}],"curies":[{"name":"wp","href":"https:\/\/api.w.org\/{rel}","templated":true}]}}